{"id":13972,"date":"2020-11-10T13:59:30","date_gmt":"2020-11-10T12:59:30","guid":{"rendered":"https:\/\/www.businessdisplay.it\/negozio\/?post_type=product&#038;p=13972"},"modified":"2021-08-27T16:10:45","modified_gmt":"2021-08-27T14:10:45","slug":"monitor-led-49-pollici-lg-49xs4f-b","status":"publish","type":"product","link":"https:\/\/www.businessdisplay.it\/negozio\/monitor\/monitor-led-49-pollici-lg-49xs4f-b\/","title":{"rendered":"Monitor Led 49 pollici LG 49XS4F-B"},"content":{"rendered":"<p><img loading=\"lazy\" decoding=\"async\" class=\"wp-image-7282 aligncenter\" src=\"https:\/\/www.businessdisplay.it\/negozio\/wp-content\/uploads\/2020\/11\/Eccezvisi.jpg\" alt=\"\" width=\"1956\" height=\"724\" \/><\/p>\n<p class=\"h_txt\"><strong>Eccezionale visibilit\u00e0\u00a0<\/strong><\/p>\n<p>La serie XS di LG di segnaletica digitale fronte finestra affascina i clienti con la loro qualit\u00e0 dell&#8217;immagine brillante e vivida.\u00a0La serie XS aiuta le aziende a migliorare l&#8217;immagine del proprio marchio rendendo l&#8217;esperienza di acquisto dei clienti pi\u00f9 piacevole.<\/p>\n<p><img loading=\"lazy\" decoding=\"async\" class=\"wp-image-7282 aligncenter\" src=\"https:\/\/www.businessdisplay.it\/negozio\/wp-content\/uploads\/2020\/11\/altalum.jpg\" alt=\"\" width=\"1956\" height=\"724\" \/><\/p>\n<p class=\"text-normal\"><strong>Alta luminosit\u00e0<\/strong><\/p>\n<p>Con una grande luminosit\u00e0 di 4.000 cd \/ m\u00b2, la serie XS offre chiaramente contenuti e attira l&#8217;attenzione del pubblico, che \u00e8 il display definitivo per la visibilit\u00e0 all&#8217;aperto con un ciclo di utilizzo continuato di 24\/7 .<\/p>\n<p><img loading=\"lazy\" decoding=\"async\" class=\"alignnone wp-image-2993 size-full\" src=\"https:\/\/www.businessdisplay.it\/negozio\/wp-content\/uploads\/2020\/02\/08_Smart-Brightness-Control_1522974617615-new.jpg\" alt=\"hero_large_2x\" width=\"1956\" height=\"724\" \/><\/p>\n<p class=\"text-normal\"><strong>Controllo intelligente della luminosit\u00e0<\/strong><\/p>\n<p>La luminosit\u00e0 dello schermo viene regolata automaticamente in base alla luce ambientale.\u00a0La luminosit\u00e0 \u00e8 aumentata alla luce per una migliore visibilit\u00e0, mentre \u00e8 ridotta al buio per una gestione efficiente dell&#8217;energia.<\/p>\n<p><img loading=\"lazy\" decoding=\"async\" class=\"alignnone wp-image-2993 size-full\" src=\"https:\/\/www.businessdisplay.it\/negozio\/wp-content\/uploads\/2020\/11\/tempes.jpg\" alt=\"hero_large_2x\" width=\"1956\" height=\"724\" \/><\/p>\n<p class=\"h_txt\"><strong>Ampia gamma di temperature di esercizio<\/strong><\/p>\n<p>Il pannello offre un&#8217;eccellente affidabilit\u00e0 in un&#8217;ampia gamma di temperature di esercizio.<\/p>\n<p><img loading=\"lazy\" decoding=\"async\" class=\"wp-image-2993 size-full alignnone\" src=\"https:\/\/www.businessdisplay.it\/negozio\/wp-content\/uploads\/2020\/02\/07_High-Performance-with-webOS-Smart-Platform_1522974801278-new.jpg\" alt=\"hero_large_2x\" width=\"1956\" height=\"724\" \/><\/p>\n<p class=\"text-normal\"><strong>Alte prestazioni con webOS Smart Platform<\/strong><\/p>\n<p>Quad Core SoC * pu\u00f2 eseguire diverse attivit\u00e0 contemporaneamente senza un lettore multimediale separato.\u00a0Inoltre, la piattaforma webOS 3.0 migliora la praticit\u00e0 dell&#8217;utente con un&#8217;interfaccia utente intuitiva e strumenti di sviluppo di app semplici.<\/p>\n<p>* SoC = Sistema su chip<\/p>\n<p><img loading=\"lazy\" decoding=\"async\" class=\"alignnone wp-image-2993 size-full\" src=\"https:\/\/www.businessdisplay.it\/negozio\/wp-content\/uploads\/2020\/02\/XS2E-B_03_Fan-less-Design_D_V2_20181224.jpg\" alt=\"hero_large_2x\" width=\"1956\" height=\"724\" \/><\/p>\n<p class=\"text-normal\"><strong>Design senza ventole<\/strong><\/p>\n<p>Eliminando la necessit\u00e0 di una ventola di raffreddamento, abbiamo creato la serie XS e la scelta ideale per l&#8217;ambiente all&#8217;interno della finestra.\u00a0Il livello di rumore operativo \u00e8 pi\u00f9 basso di quello della conversazione quotidiana.<\/p>\n<p><img loading=\"lazy\" decoding=\"async\" class=\"alignnone wp-image-2993 size-full\" src=\"https:\/\/www.businessdisplay.it\/negozio\/wp-content\/uploads\/2020\/11\/cornsott.jpg\" alt=\"hero_large_2x\" width=\"1956\" height=\"724\" \/><\/p>\n<p class=\"h_txt\"><strong>Cornice sottile<\/strong><\/p>\n<div class=\"column\">\n<p>La serie XS attira l&#8217;attenzione con un design elegante, caratterizzato da una cornice sottile.\u00a0Questi display migliorano l&#8217;impatto visivo del contenuto riprodotto e l&#8217;atmosfera generale del negozio al dettaglio.<\/p>\n<p><img loading=\"lazy\" decoding=\"async\" class=\"alignnone wp-image-2993 size-full\" src=\"https:\/\/www.businessdisplay.it\/negozio\/wp-content\/uploads\/2020\/11\/rispen.jpg\" alt=\"hero_large_2x\" width=\"1956\" height=\"724\" \/><\/p>\n<p class=\"h_txt\"><strong>Risparmio energetico<\/strong><\/p>\n<div class=\"column\">\n<p>La serie XS offre un&#8217;elevata efficienza energetica, grazie ai pannelli M +.<\/p>\n<\/div>\n<\/div>\n","protected":false},"excerpt":{"rendered":"<p>Caratteristiche principali<\/p>\n<ul>\n<li>Luminosit\u00e0 : 2500 cd\/m\u00b2<\/li>\n<li>Risoluzione : 1920 x 1080 (Full HD)<\/li>\n<li>Utilizzo : 24\/7 (Ore\/Giorni)<\/li>\n<li>Gestione : Web OS 3.0<\/li>\n<li>Garanzia : 3 Anni On-Site<\/li>\n<\/ul>\n","protected":false},"featured_media":7288,"comment_status":"open","ping_status":"closed","template":"","meta":[],"product_cat":[258,242],"product_tag":[],"yoast_head":"<!-- This site is optimized with the Yoast SEO plugin v20.11 - https:\/\/yoast.com\/wordpress\/plugins\/seo\/ -->\n<title>Monitor Led 49 pollici LG 49XS4F-B - Digital Signage negozio online<\/title>\n<meta name=\"robots\" content=\"index, follow, max-snippet:-1, max-image-preview:large, max-video-preview:-1\" \/>\n<link rel=\"canonical\" href=\"https:\/\/www.businessdisplay.it\/negozio\/monitor\/monitor-led-49-pollici-lg-49xs4f-b\/\" \/>\n<meta property=\"og:locale\" content=\"it_IT\" \/>\n<meta property=\"og:type\" content=\"article\" \/>\n<meta property=\"og:title\" content=\"Monitor Led 49 pollici LG 49XS4F-B - Digital Signage negozio online\" \/>\n<meta property=\"og:description\" content=\"Caratteristiche principali   Luminosit\u00e0 : 2500 cd\/m\u00b2  Risoluzione : 1920 x 1080 (Full HD)  Utilizzo : 24\/7 (Ore\/Giorni)  Gestione : Web OS 3.0  Garanzia : 3 Anni On-Site\" \/>\n<meta property=\"og:url\" content=\"https:\/\/www.businessdisplay.it\/negozio\/monitor\/monitor-led-49-pollici-lg-49xs4f-b\/\" \/>\n<meta property=\"og:site_name\" content=\"Digital Signage negozio online\" \/>\n<meta property=\"article:modified_time\" content=\"2021-08-27T14:10:45+00:00\" \/>\n<meta property=\"og:image\" content=\"https:\/\/www.businessdisplay.it\/negozio\/wp-content\/uploads\/2020\/02\/LG_49XS2E-B_INT_1.jpg\" \/>\n\t<meta property=\"og:image:width\" content=\"940\" \/>\n\t<meta property=\"og:image:height\" content=\"620\" \/>\n\t<meta property=\"og:image:type\" content=\"image\/jpeg\" \/>\n<meta name=\"twitter:card\" content=\"summary_large_image\" \/>\n<meta name=\"twitter:label1\" content=\"Tempo di lettura stimato\" \/>\n\t<meta name=\"twitter:data1\" content=\"1 minuto\" \/>\n<script type=\"application\/ld+json\" class=\"yoast-schema-graph\">{\"@context\":\"https:\/\/schema.org\",\"@graph\":[{\"@type\":\"WebPage\",\"@id\":\"https:\/\/www.businessdisplay.it\/negozio\/monitor\/monitor-led-49-pollici-lg-49xs4f-b\/\",\"url\":\"https:\/\/www.businessdisplay.it\/negozio\/monitor\/monitor-led-49-pollici-lg-49xs4f-b\/\",\"name\":\"Monitor Led 49 pollici LG 49XS4F-B - Digital Signage negozio online\",\"isPartOf\":{\"@id\":\"https:\/\/www.businessdisplay.it\/negozio\/#website\"},\"datePublished\":\"2020-11-10T12:59:30+00:00\",\"dateModified\":\"2021-08-27T14:10:45+00:00\",\"breadcrumb\":{\"@id\":\"https:\/\/www.businessdisplay.it\/negozio\/monitor\/monitor-led-49-pollici-lg-49xs4f-b\/#breadcrumb\"},\"inLanguage\":\"it-IT\",\"potentialAction\":[{\"@type\":\"ReadAction\",\"target\":[\"https:\/\/www.businessdisplay.it\/negozio\/monitor\/monitor-led-49-pollici-lg-49xs4f-b\/\"]}]},{\"@type\":\"BreadcrumbList\",\"@id\":\"https:\/\/www.businessdisplay.it\/negozio\/monitor\/monitor-led-49-pollici-lg-49xs4f-b\/#breadcrumb\",\"itemListElement\":[{\"@type\":\"ListItem\",\"position\":1,\"name\":\"Home\",\"item\":\"https:\/\/www.businessdisplay.it\/negozio\/\"},{\"@type\":\"ListItem\",\"position\":2,\"name\":\"Shop\",\"item\":\"https:\/\/www.businessdisplay.it\/negozio\/shop-2\/\"},{\"@type\":\"ListItem\",\"position\":3,\"name\":\"Monitor Led 49 pollici LG 49XS4F-B\"}]},{\"@type\":\"WebSite\",\"@id\":\"https:\/\/www.businessdisplay.it\/negozio\/#website\",\"url\":\"https:\/\/www.businessdisplay.it\/negozio\/\",\"name\":\"Digital Signage negozio online\",\"description\":\"Acquista online monitor da vetrina, totem multimediali, monitor da interno e videowall\",\"publisher\":{\"@id\":\"https:\/\/www.businessdisplay.it\/negozio\/#organization\"},\"potentialAction\":[{\"@type\":\"SearchAction\",\"target\":{\"@type\":\"EntryPoint\",\"urlTemplate\":\"https:\/\/www.businessdisplay.it\/negozio\/?s={search_term_string}\"},\"query-input\":\"required name=search_term_string\"}],\"inLanguage\":\"it-IT\"},{\"@type\":\"Organization\",\"@id\":\"https:\/\/www.businessdisplay.it\/negozio\/#organization\",\"name\":\"Business Display\",\"url\":\"https:\/\/www.businessdisplay.it\/negozio\/\",\"logo\":{\"@type\":\"ImageObject\",\"inLanguage\":\"it-IT\",\"@id\":\"https:\/\/www.businessdisplay.it\/negozio\/#\/schema\/logo\/image\/\",\"url\":\"https:\/\/www.businessdisplay.it\/negozio\/wp-content\/uploads\/2019\/12\/LogoBusiness_HI-RES.png\",\"contentUrl\":\"https:\/\/www.businessdisplay.it\/negozio\/wp-content\/uploads\/2019\/12\/LogoBusiness_HI-RES.png\",\"width\":3333,\"height\":850,\"caption\":\"Business Display\"},\"image\":{\"@id\":\"https:\/\/www.businessdisplay.it\/negozio\/#\/schema\/logo\/image\/\"}}]}<\/script>\n<!-- \/ Yoast SEO plugin. -->","yoast_head_json":{"title":"Monitor Led 49 pollici LG 49XS4F-B - Digital Signage negozio online","robots":{"index":"index","follow":"follow","max-snippet":"max-snippet:-1","max-image-preview":"max-image-preview:large","max-video-preview":"max-video-preview:-1"},"canonical":"https:\/\/www.businessdisplay.it\/negozio\/monitor\/monitor-led-49-pollici-lg-49xs4f-b\/","og_locale":"it_IT","og_type":"article","og_title":"Monitor Led 49 pollici LG 49XS4F-B - Digital Signage negozio online","og_description":"Caratteristiche principali   Luminosit\u00e0 : 2500 cd\/m\u00b2  Risoluzione : 1920 x 1080 (Full HD)  Utilizzo : 24\/7 (Ore\/Giorni)  Gestione : Web OS 3.0  Garanzia : 3 Anni On-Site","og_url":"https:\/\/www.businessdisplay.it\/negozio\/monitor\/monitor-led-49-pollici-lg-49xs4f-b\/","og_site_name":"Digital Signage negozio online","article_modified_time":"2021-08-27T14:10:45+00:00","og_image":[{"width":940,"height":620,"url":"https:\/\/www.businessdisplay.it\/negozio\/wp-content\/uploads\/2020\/02\/LG_49XS2E-B_INT_1.jpg","type":"image\/jpeg"}],"twitter_card":"summary_large_image","twitter_misc":{"Tempo di lettura stimato":"1 minuto"},"schema":{"@context":"https:\/\/schema.org","@graph":[{"@type":"WebPage","@id":"https:\/\/www.businessdisplay.it\/negozio\/monitor\/monitor-led-49-pollici-lg-49xs4f-b\/","url":"https:\/\/www.businessdisplay.it\/negozio\/monitor\/monitor-led-49-pollici-lg-49xs4f-b\/","name":"Monitor Led 49 pollici LG 49XS4F-B - Digital Signage negozio online","isPartOf":{"@id":"https:\/\/www.businessdisplay.it\/negozio\/#website"},"datePublished":"2020-11-10T12:59:30+00:00","dateModified":"2021-08-27T14:10:45+00:00","breadcrumb":{"@id":"https:\/\/www.businessdisplay.it\/negozio\/monitor\/monitor-led-49-pollici-lg-49xs4f-b\/#breadcrumb"},"inLanguage":"it-IT","potentialAction":[{"@type":"ReadAction","target":["https:\/\/www.businessdisplay.it\/negozio\/monitor\/monitor-led-49-pollici-lg-49xs4f-b\/"]}]},{"@type":"BreadcrumbList","@id":"https:\/\/www.businessdisplay.it\/negozio\/monitor\/monitor-led-49-pollici-lg-49xs4f-b\/#breadcrumb","itemListElement":[{"@type":"ListItem","position":1,"name":"Home","item":"https:\/\/www.businessdisplay.it\/negozio\/"},{"@type":"ListItem","position":2,"name":"Shop","item":"https:\/\/www.businessdisplay.it\/negozio\/shop-2\/"},{"@type":"ListItem","position":3,"name":"Monitor Led 49 pollici LG 49XS4F-B"}]},{"@type":"WebSite","@id":"https:\/\/www.businessdisplay.it\/negozio\/#website","url":"https:\/\/www.businessdisplay.it\/negozio\/","name":"Digital Signage negozio online","description":"Acquista online monitor da vetrina, totem multimediali, monitor da interno e videowall","publisher":{"@id":"https:\/\/www.businessdisplay.it\/negozio\/#organization"},"potentialAction":[{"@type":"SearchAction","target":{"@type":"EntryPoint","urlTemplate":"https:\/\/www.businessdisplay.it\/negozio\/?s={search_term_string}"},"query-input":"required name=search_term_string"}],"inLanguage":"it-IT"},{"@type":"Organization","@id":"https:\/\/www.businessdisplay.it\/negozio\/#organization","name":"Business Display","url":"https:\/\/www.businessdisplay.it\/negozio\/","logo":{"@type":"ImageObject","inLanguage":"it-IT","@id":"https:\/\/www.businessdisplay.it\/negozio\/#\/schema\/logo\/image\/","url":"https:\/\/www.businessdisplay.it\/negozio\/wp-content\/uploads\/2019\/12\/LogoBusiness_HI-RES.png","contentUrl":"https:\/\/www.businessdisplay.it\/negozio\/wp-content\/uploads\/2019\/12\/LogoBusiness_HI-RES.png","width":3333,"height":850,"caption":"Business Display"},"image":{"@id":"https:\/\/www.businessdisplay.it\/negozio\/#\/schema\/logo\/image\/"}}]}},"_links":{"self":[{"href":"https:\/\/www.businessdisplay.it\/negozio\/wp-json\/wp\/v2\/product\/13972"}],"collection":[{"href":"https:\/\/www.businessdisplay.it\/negozio\/wp-json\/wp\/v2\/product"}],"about":[{"href":"https:\/\/www.businessdisplay.it\/negozio\/wp-json\/wp\/v2\/types\/product"}],"replies":[{"embeddable":true,"href":"https:\/\/www.businessdisplay.it\/negozio\/wp-json\/wp\/v2\/comments?post=13972"}],"wp:featuredmedia":[{"embeddable":true,"href":"https:\/\/www.businessdisplay.it\/negozio\/wp-json\/wp\/v2\/media\/7288"}],"wp:attachment":[{"href":"https:\/\/www.businessdisplay.it\/negozio\/wp-json\/wp\/v2\/media?parent=13972"}],"wp:term":[{"taxonomy":"product_cat","embeddable":true,"href":"https:\/\/www.businessdisplay.it\/negozio\/wp-json\/wp\/v2\/product_cat?post=13972"},{"taxonomy":"product_tag","embeddable":true,"href":"https:\/\/www.businessdisplay.it\/negozio\/wp-json\/wp\/v2\/product_tag?post=13972"}],"curies":[{"name":"wp","href":"https:\/\/api.w.org\/{rel}","templated":true}]}}