{"id":14014,"date":"2020-11-13T10:01:23","date_gmt":"2020-11-13T09:01:23","guid":{"rendered":"https:\/\/www.businessdisplay.it\/negozio\/?post_type=product&#038;p=14014"},"modified":"2021-08-27T16:14:16","modified_gmt":"2021-08-27T14:14:16","slug":"monitor-led-86-pollici-lg-86bh5f-b","status":"publish","type":"product","link":"https:\/\/www.businessdisplay.it\/negozio\/monitor\/monitor-led-86-pollici-lg-86bh5f-b\/","title":{"rendered":"Monitor Led 86&#8243; pollici LG 86BH5F-B"},"content":{"rendered":"<p><img loading=\"lazy\" decoding=\"async\" class=\"wp-image-7282 aligncenter\" src=\"https:\/\/www.businessdisplay.it\/negozio\/wp-content\/uploads\/2020\/11\/1578376790002_15176.jpg\" alt=\"\" width=\"1956\" height=\"724\" \/><\/p>\n<p class=\"h_txt\"><strong>Schermo ampio che si adatta allo spazio<\/strong><\/p>\n<p>L&#8217;86BH5F \u00e8 il display pi\u00f9 adatto per fornire nuove forme di pubblicit\u00e0 e informazioni multiplex in un formato widescreen 58: 9. Pu\u00f2 dare vita allo spazio inutilizzato e avanzato essendo installato senza restrizioni.<\/p>\n<p><img loading=\"lazy\" decoding=\"async\" class=\"wp-image-7282 aligncenter\" src=\"https:\/\/www.businessdisplay.it\/negozio\/wp-content\/uploads\/2020\/11\/wideformat.jpg\" alt=\"\" width=\"1956\" height=\"724\" \/><\/p>\n<p class=\"text-normal\"><strong>58:9 formato video esteso<\/strong><\/p>\n<p>Si tratta di un ampio schermo unico con il tipo a barre 58: 9 che offre molta pi\u00f9 flessibilit\u00e0 nella riproduzione dei contenuti * rispetto al display convenzionale con rapporto 16: 9.<\/p>\n<p>* Solo contenuto video. (Immagini non supportate)<\/p>\n<p><img loading=\"lazy\" decoding=\"async\" class=\"alignnone wp-image-2993 size-full\" src=\"https:\/\/www.businessdisplay.it\/negozio\/wp-content\/uploads\/2020\/11\/1578376821063_46860.jpg\" alt=\"hero_large_2x\" width=\"1956\" height=\"724\" \/><\/p>\n<p class=\"text-normal\"><strong>Risoluzione video Ultra HD<\/strong><\/p>\n<p>La risoluzione Ultra HD (3.840 x 600) offre un&#8217;esperienza visiva coinvolgente con colori vivaci e immagini nitide.<\/p>\n<p><img loading=\"lazy\" decoding=\"async\" class=\"alignnone wp-image-2993 size-full\" src=\"https:\/\/www.businessdisplay.it\/negozio\/wp-content\/uploads\/2020\/11\/multischermo.jpg\" alt=\"hero_large_2x\" width=\"1956\" height=\"724\" \/><\/p>\n<p class=\"h_txt\"><strong>Modalit\u00e0 multi schermo con 4PBP<\/strong><\/p>\n<p>La funzione Picture-by-Picture (PBP) consente di mostrare pi\u00f9 contenuti in una singola visualizzazione di un massimo di quattro parti. \u00c8 molto utile e conveniente fornire vari annunci o informazioni contemporaneamente senza calibrazione.<\/p>\n<p><img loading=\"lazy\" decoding=\"async\" class=\"wp-image-2993 size-full alignnone\" src=\"https:\/\/www.businessdisplay.it\/negozio\/wp-content\/uploads\/2020\/11\/1578376861537_88218.jpg\" alt=\"hero_large_2x\" width=\"1956\" height=\"724\" \/><\/p>\n<p class=\"text-normal\"><strong>Scena visiva immersiva<\/strong><\/p>\n<p>L&#8217;86BH5F pu\u00f2 mostrare una scena piastrellata con una configurazione fino a 15 \u00d7 15. Questa sar\u00e0 la scelta migliore se desideri utilizzare uno schermo di grandi dimensioni o fornire un impatto visivo ai tuoi clienti in un modo diverso.<\/p>\n<p><img loading=\"lazy\" decoding=\"async\" class=\"alignnone wp-image-2993 size-full\" src=\"https:\/\/www.businessdisplay.it\/negozio\/wp-content\/uploads\/2020\/11\/ip5x-1.jpg\" alt=\"hero_large_2x\" width=\"1956\" height=\"724\" \/><\/p>\n<p class=\"text-normal\"><strong>Design certificato IP5x<\/strong><\/p>\n<p>La certificazione IP5x antipolvere garantisce che il prodotto sia completamente protetto dalla polvere, eliminando il rischio di degrado delle prestazioni.<\/p>\n<p><img loading=\"lazy\" decoding=\"async\" class=\"alignnone wp-image-2993 size-full\" src=\"https:\/\/www.businessdisplay.it\/negozio\/wp-content\/uploads\/2020\/11\/1600159511717_12840.jpg\" alt=\"hero_large_2x\" width=\"1956\" height=\"724\" \/><\/p>\n<p class=\"h_txt\"><strong>Gestione semplificata con Web os 4.0<\/strong><\/p>\n<div class=\"column\">\n<p>L&#8217;86BH5F \u00e8 dotato di una UX user-friendly per semplificare i flussi di approccio, raggruppa funzioni simili e adotta una GUI intuitiva per facilit\u00e0 d&#8217;uso. Quando si utilizza il display in modalit\u00e0 verticale, anche l&#8217;OSD * pu\u00f2 essere regolato di conseguenza.<\/p>\n<div class=\"column\"><\/div>\n<\/div>\n","protected":false},"excerpt":{"rendered":"<p>Caratteristiche principali<\/p>\n<ul>\n<li>Luminosit\u00e0 : 500 cd\/m\u00b2<\/li>\n<li>Risoluzione : 3.840 x 600 (Ultra HD)<\/li>\n<li>Utilizzo : 24\/7 (Ore\/Giorni)<\/li>\n<li>Gestione : Web OS 4.0<\/li>\n<li>Garanzia : 3 Anni On-Site<\/li>\n<\/ul>\n","protected":false},"featured_media":14015,"comment_status":"open","ping_status":"closed","template":"","meta":[],"product_cat":[242],"product_tag":[],"yoast_head":"<!-- This site is optimized with the Yoast SEO plugin v20.11 - https:\/\/yoast.com\/wordpress\/plugins\/seo\/ -->\n<title>Monitor Led 86&quot; pollici LG 86BH5F-B - Digital Signage negozio online<\/title>\n<meta name=\"robots\" content=\"index, follow, max-snippet:-1, max-image-preview:large, max-video-preview:-1\" \/>\n<link rel=\"canonical\" href=\"https:\/\/www.businessdisplay.it\/negozio\/monitor\/monitor-led-86-pollici-lg-86bh5f-b\/\" \/>\n<meta property=\"og:locale\" content=\"it_IT\" \/>\n<meta property=\"og:type\" content=\"article\" \/>\n<meta property=\"og:title\" content=\"Monitor Led 86&quot; pollici LG 86BH5F-B - Digital Signage negozio online\" \/>\n<meta property=\"og:description\" content=\"Caratteristiche principali   Luminosit\u00e0 : 500 cd\/m\u00b2  Risoluzione : 3.840 x 600 (Ultra HD)  Utilizzo : 24\/7 (Ore\/Giorni)  Gestione : Web OS 4.0  Garanzia : 3 Anni On-Site\" \/>\n<meta property=\"og:url\" content=\"https:\/\/www.businessdisplay.it\/negozio\/monitor\/monitor-led-86-pollici-lg-86bh5f-b\/\" \/>\n<meta property=\"og:site_name\" content=\"Digital Signage negozio online\" \/>\n<meta property=\"article:modified_time\" content=\"2021-08-27T14:14:16+00:00\" \/>\n<meta property=\"og:image\" content=\"https:\/\/www.businessdisplay.it\/negozio\/wp-content\/uploads\/2020\/11\/1578375342519_88567.jpg\" \/>\n\t<meta property=\"og:image:width\" content=\"2010\" \/>\n\t<meta property=\"og:image:height\" content=\"1334\" \/>\n\t<meta property=\"og:image:type\" content=\"image\/jpeg\" \/>\n<meta name=\"twitter:card\" content=\"summary_large_image\" \/>\n<meta name=\"twitter:label1\" content=\"Tempo di lettura stimato\" \/>\n\t<meta name=\"twitter:data1\" content=\"1 minuto\" \/>\n<script type=\"application\/ld+json\" class=\"yoast-schema-graph\">{\"@context\":\"https:\/\/schema.org\",\"@graph\":[{\"@type\":\"WebPage\",\"@id\":\"https:\/\/www.businessdisplay.it\/negozio\/monitor\/monitor-led-86-pollici-lg-86bh5f-b\/\",\"url\":\"https:\/\/www.businessdisplay.it\/negozio\/monitor\/monitor-led-86-pollici-lg-86bh5f-b\/\",\"name\":\"Monitor Led 86\\\" pollici LG 86BH5F-B - Digital Signage negozio online\",\"isPartOf\":{\"@id\":\"https:\/\/www.businessdisplay.it\/negozio\/#website\"},\"datePublished\":\"2020-11-13T09:01:23+00:00\",\"dateModified\":\"2021-08-27T14:14:16+00:00\",\"breadcrumb\":{\"@id\":\"https:\/\/www.businessdisplay.it\/negozio\/monitor\/monitor-led-86-pollici-lg-86bh5f-b\/#breadcrumb\"},\"inLanguage\":\"it-IT\",\"potentialAction\":[{\"@type\":\"ReadAction\",\"target\":[\"https:\/\/www.businessdisplay.it\/negozio\/monitor\/monitor-led-86-pollici-lg-86bh5f-b\/\"]}]},{\"@type\":\"BreadcrumbList\",\"@id\":\"https:\/\/www.businessdisplay.it\/negozio\/monitor\/monitor-led-86-pollici-lg-86bh5f-b\/#breadcrumb\",\"itemListElement\":[{\"@type\":\"ListItem\",\"position\":1,\"name\":\"Home\",\"item\":\"https:\/\/www.businessdisplay.it\/negozio\/\"},{\"@type\":\"ListItem\",\"position\":2,\"name\":\"Shop\",\"item\":\"https:\/\/www.businessdisplay.it\/negozio\/shop-2\/\"},{\"@type\":\"ListItem\",\"position\":3,\"name\":\"Monitor Led 86&#8243; pollici LG 86BH5F-B\"}]},{\"@type\":\"WebSite\",\"@id\":\"https:\/\/www.businessdisplay.it\/negozio\/#website\",\"url\":\"https:\/\/www.businessdisplay.it\/negozio\/\",\"name\":\"Digital Signage negozio online\",\"description\":\"Acquista online monitor da vetrina, totem multimediali, monitor da interno e videowall\",\"publisher\":{\"@id\":\"https:\/\/www.businessdisplay.it\/negozio\/#organization\"},\"potentialAction\":[{\"@type\":\"SearchAction\",\"target\":{\"@type\":\"EntryPoint\",\"urlTemplate\":\"https:\/\/www.businessdisplay.it\/negozio\/?s={search_term_string}\"},\"query-input\":\"required name=search_term_string\"}],\"inLanguage\":\"it-IT\"},{\"@type\":\"Organization\",\"@id\":\"https:\/\/www.businessdisplay.it\/negozio\/#organization\",\"name\":\"Business Display\",\"url\":\"https:\/\/www.businessdisplay.it\/negozio\/\",\"logo\":{\"@type\":\"ImageObject\",\"inLanguage\":\"it-IT\",\"@id\":\"https:\/\/www.businessdisplay.it\/negozio\/#\/schema\/logo\/image\/\",\"url\":\"https:\/\/www.businessdisplay.it\/negozio\/wp-content\/uploads\/2019\/12\/LogoBusiness_HI-RES.png\",\"contentUrl\":\"https:\/\/www.businessdisplay.it\/negozio\/wp-content\/uploads\/2019\/12\/LogoBusiness_HI-RES.png\",\"width\":3333,\"height\":850,\"caption\":\"Business Display\"},\"image\":{\"@id\":\"https:\/\/www.businessdisplay.it\/negozio\/#\/schema\/logo\/image\/\"}}]}<\/script>\n<!-- \/ Yoast SEO plugin. -->","yoast_head_json":{"title":"Monitor Led 86\" pollici LG 86BH5F-B - Digital Signage negozio online","robots":{"index":"index","follow":"follow","max-snippet":"max-snippet:-1","max-image-preview":"max-image-preview:large","max-video-preview":"max-video-preview:-1"},"canonical":"https:\/\/www.businessdisplay.it\/negozio\/monitor\/monitor-led-86-pollici-lg-86bh5f-b\/","og_locale":"it_IT","og_type":"article","og_title":"Monitor Led 86\" pollici LG 86BH5F-B - Digital Signage negozio online","og_description":"Caratteristiche principali   Luminosit\u00e0 : 500 cd\/m\u00b2  Risoluzione : 3.840 x 600 (Ultra HD)  Utilizzo : 24\/7 (Ore\/Giorni)  Gestione : Web OS 4.0  Garanzia : 3 Anni On-Site","og_url":"https:\/\/www.businessdisplay.it\/negozio\/monitor\/monitor-led-86-pollici-lg-86bh5f-b\/","og_site_name":"Digital Signage negozio online","article_modified_time":"2021-08-27T14:14:16+00:00","og_image":[{"width":2010,"height":1334,"url":"https:\/\/www.businessdisplay.it\/negozio\/wp-content\/uploads\/2020\/11\/1578375342519_88567.jpg","type":"image\/jpeg"}],"twitter_card":"summary_large_image","twitter_misc":{"Tempo di lettura stimato":"1 minuto"},"schema":{"@context":"https:\/\/schema.org","@graph":[{"@type":"WebPage","@id":"https:\/\/www.businessdisplay.it\/negozio\/monitor\/monitor-led-86-pollici-lg-86bh5f-b\/","url":"https:\/\/www.businessdisplay.it\/negozio\/monitor\/monitor-led-86-pollici-lg-86bh5f-b\/","name":"Monitor Led 86\" pollici LG 86BH5F-B - Digital Signage negozio online","isPartOf":{"@id":"https:\/\/www.businessdisplay.it\/negozio\/#website"},"datePublished":"2020-11-13T09:01:23+00:00","dateModified":"2021-08-27T14:14:16+00:00","breadcrumb":{"@id":"https:\/\/www.businessdisplay.it\/negozio\/monitor\/monitor-led-86-pollici-lg-86bh5f-b\/#breadcrumb"},"inLanguage":"it-IT","potentialAction":[{"@type":"ReadAction","target":["https:\/\/www.businessdisplay.it\/negozio\/monitor\/monitor-led-86-pollici-lg-86bh5f-b\/"]}]},{"@type":"BreadcrumbList","@id":"https:\/\/www.businessdisplay.it\/negozio\/monitor\/monitor-led-86-pollici-lg-86bh5f-b\/#breadcrumb","itemListElement":[{"@type":"ListItem","position":1,"name":"Home","item":"https:\/\/www.businessdisplay.it\/negozio\/"},{"@type":"ListItem","position":2,"name":"Shop","item":"https:\/\/www.businessdisplay.it\/negozio\/shop-2\/"},{"@type":"ListItem","position":3,"name":"Monitor Led 86&#8243; pollici LG 86BH5F-B"}]},{"@type":"WebSite","@id":"https:\/\/www.businessdisplay.it\/negozio\/#website","url":"https:\/\/www.businessdisplay.it\/negozio\/","name":"Digital Signage negozio online","description":"Acquista online monitor da vetrina, totem multimediali, monitor da interno e videowall","publisher":{"@id":"https:\/\/www.businessdisplay.it\/negozio\/#organization"},"potentialAction":[{"@type":"SearchAction","target":{"@type":"EntryPoint","urlTemplate":"https:\/\/www.businessdisplay.it\/negozio\/?s={search_term_string}"},"query-input":"required name=search_term_string"}],"inLanguage":"it-IT"},{"@type":"Organization","@id":"https:\/\/www.businessdisplay.it\/negozio\/#organization","name":"Business Display","url":"https:\/\/www.businessdisplay.it\/negozio\/","logo":{"@type":"ImageObject","inLanguage":"it-IT","@id":"https:\/\/www.businessdisplay.it\/negozio\/#\/schema\/logo\/image\/","url":"https:\/\/www.businessdisplay.it\/negozio\/wp-content\/uploads\/2019\/12\/LogoBusiness_HI-RES.png","contentUrl":"https:\/\/www.businessdisplay.it\/negozio\/wp-content\/uploads\/2019\/12\/LogoBusiness_HI-RES.png","width":3333,"height":850,"caption":"Business Display"},"image":{"@id":"https:\/\/www.businessdisplay.it\/negozio\/#\/schema\/logo\/image\/"}}]}},"_links":{"self":[{"href":"https:\/\/www.businessdisplay.it\/negozio\/wp-json\/wp\/v2\/product\/14014"}],"collection":[{"href":"https:\/\/www.businessdisplay.it\/negozio\/wp-json\/wp\/v2\/product"}],"about":[{"href":"https:\/\/www.businessdisplay.it\/negozio\/wp-json\/wp\/v2\/types\/product"}],"replies":[{"embeddable":true,"href":"https:\/\/www.businessdisplay.it\/negozio\/wp-json\/wp\/v2\/comments?post=14014"}],"wp:featuredmedia":[{"embeddable":true,"href":"https:\/\/www.businessdisplay.it\/negozio\/wp-json\/wp\/v2\/media\/14015"}],"wp:attachment":[{"href":"https:\/\/www.businessdisplay.it\/negozio\/wp-json\/wp\/v2\/media?parent=14014"}],"wp:term":[{"taxonomy":"product_cat","embeddable":true,"href":"https:\/\/www.businessdisplay.it\/negozio\/wp-json\/wp\/v2\/product_cat?post=14014"},{"taxonomy":"product_tag","embeddable":true,"href":"https:\/\/www.businessdisplay.it\/negozio\/wp-json\/wp\/v2\/product_tag?post=14014"}],"curies":[{"name":"wp","href":"https:\/\/api.w.org\/{rel}","templated":true}]}}