{"id":5444,"date":"2019-12-28T12:24:35","date_gmt":"2019-12-28T11:24:35","guid":{"rendered":"https:\/\/www.businessdisplay.it\/negozio\/?post_type=product&#038;p=5444"},"modified":"2020-11-13T09:39:58","modified_gmt":"2020-11-13T08:39:58","slug":"supporto-a-parete-per-schermi-di-grandi-dimensioni-lcd-led-plasma-da-60-a-100","status":"publish","type":"product","link":"https:\/\/www.businessdisplay.it\/negozio\/staffe-e-supporti\/supporti-a-parete-fissi\/supporto-a-parete-per-schermi-di-grandi-dimensioni-lcd-led-plasma-da-60-a-100\/","title":{"rendered":"Supporto a parete per schermi da 60&#8243; a 100&#8243;"},"content":{"rendered":"<div id=\"anchortarget_2\" class=\"col-xxs-12 anchortarget\">\n<p>Il montaggio a parete NewStar, modello LFD-W1000 consente di collegare uno schermo TV LCD\/LED\/PLASMA a qualsiasi parete. Utilizzate un montaggio a parete per sfruttare pienamente le capacit\u00e0 del vostro schermo.<\/p>\n<p>Questo supporto di soli 30 millimetri di profondit\u00e0 render\u00e0 la vostra TV LED un tutt&#8217;uno con la parete creando un piacevole effetto quadro. La distanza pu\u00f2 essere aumentata fino a 32 mm utilizzando le boccole in dotazione.<\/p>\n<p>Il LFD-W1000 , adatto a schermi fino a 100&#8243; (254 cm) con capacit\u00e0 massima di trasporto di 125 kg pu\u00f2 essere montato su schermi con fori VESA fino a 900&#215;600. Questo prodotto ha inoltre un potenziale sistema di bloccaggio tramite lucchetto (non incluso) ma facilmente acquistabile in un negozio di ferramenta o simile. La facile installazione consente di montare la striscia orizzontale sulla parete e i due ganci sul retro dello schermo.<\/p>\n<p>Collegate poi lo schermo nella striscia e godetevi pienamente la vostra TV. Questo supporto \u00e8 realizzato in metallo resistente e viene fornito completo di accessori.<\/p>\n<\/div>\n","protected":false},"excerpt":{"rendered":"<p>Caratteristiche principali<\/p>\n<ul>\n<li>Dimensioni supportate : 60&#8243; a 100&#8243;<\/li>\n<li>Peso massimo supportato : 125 Kg<\/li>\n<li>Orientamento : Orizzontale<\/li>\n<li>Vasa Min-Max : 200 x 200 &#8211; 900 x 600<\/li>\n<li>Garanzia : 5 Anni<\/li>\n<\/ul>\n","protected":false},"featured_media":5448,"comment_status":"open","ping_status":"closed","template":"","meta":[],"product_cat":[234],"product_tag":[],"yoast_head":"<!-- This site is optimized with the Yoast SEO plugin v20.11 - https:\/\/yoast.com\/wordpress\/plugins\/seo\/ -->\n<title>Supporto a parete per schermi da 60&quot; a 100&quot; - Digital Signage negozio online<\/title>\n<meta name=\"robots\" content=\"index, follow, max-snippet:-1, max-image-preview:large, max-video-preview:-1\" \/>\n<link rel=\"canonical\" href=\"https:\/\/www.businessdisplay.it\/negozio\/staffe-e-supporti\/supporti-a-parete-fissi\/supporto-a-parete-per-schermi-di-grandi-dimensioni-lcd-led-plasma-da-60-a-100\/\" \/>\n<meta property=\"og:locale\" content=\"it_IT\" \/>\n<meta property=\"og:type\" content=\"article\" \/>\n<meta property=\"og:title\" content=\"Supporto a parete per schermi da 60&quot; a 100&quot; - Digital Signage negozio online\" \/>\n<meta property=\"og:description\" content=\"Caratteristiche principali   Dimensioni supportate : 60&quot; a 100&quot;  Peso massimo supportato : 125 Kg  Orientamento : Orizzontale  Vasa Min-Max : 200 x 200 - 900 x 600  Garanzia : 5 Anni\" \/>\n<meta property=\"og:url\" content=\"https:\/\/www.businessdisplay.it\/negozio\/staffe-e-supporti\/supporti-a-parete-fissi\/supporto-a-parete-per-schermi-di-grandi-dimensioni-lcd-led-plasma-da-60-a-100\/\" \/>\n<meta property=\"og:site_name\" content=\"Digital Signage negozio online\" \/>\n<meta property=\"article:modified_time\" content=\"2020-11-13T08:39:58+00:00\" \/>\n<meta property=\"og:image\" content=\"https:\/\/www.businessdisplay.it\/negozio\/wp-content\/uploads\/2019\/12\/Newstar_LFD-W1000_INT_1.jpg\" \/>\n\t<meta property=\"og:image:width\" content=\"1000\" \/>\n\t<meta property=\"og:image:height\" content=\"1000\" \/>\n\t<meta property=\"og:image:type\" content=\"image\/jpeg\" \/>\n<meta name=\"twitter:card\" content=\"summary_large_image\" \/>\n<meta name=\"twitter:label1\" content=\"Tempo di lettura stimato\" \/>\n\t<meta name=\"twitter:data1\" content=\"1 minuto\" \/>\n<script type=\"application\/ld+json\" class=\"yoast-schema-graph\">{\"@context\":\"https:\/\/schema.org\",\"@graph\":[{\"@type\":\"WebPage\",\"@id\":\"https:\/\/www.businessdisplay.it\/negozio\/staffe-e-supporti\/supporti-a-parete-fissi\/supporto-a-parete-per-schermi-di-grandi-dimensioni-lcd-led-plasma-da-60-a-100\/\",\"url\":\"https:\/\/www.businessdisplay.it\/negozio\/staffe-e-supporti\/supporti-a-parete-fissi\/supporto-a-parete-per-schermi-di-grandi-dimensioni-lcd-led-plasma-da-60-a-100\/\",\"name\":\"Supporto a parete per schermi da 60\\\" a 100\\\" - Digital Signage negozio online\",\"isPartOf\":{\"@id\":\"https:\/\/www.businessdisplay.it\/negozio\/#website\"},\"datePublished\":\"2019-12-28T11:24:35+00:00\",\"dateModified\":\"2020-11-13T08:39:58+00:00\",\"breadcrumb\":{\"@id\":\"https:\/\/www.businessdisplay.it\/negozio\/staffe-e-supporti\/supporti-a-parete-fissi\/supporto-a-parete-per-schermi-di-grandi-dimensioni-lcd-led-plasma-da-60-a-100\/#breadcrumb\"},\"inLanguage\":\"it-IT\",\"potentialAction\":[{\"@type\":\"ReadAction\",\"target\":[\"https:\/\/www.businessdisplay.it\/negozio\/staffe-e-supporti\/supporti-a-parete-fissi\/supporto-a-parete-per-schermi-di-grandi-dimensioni-lcd-led-plasma-da-60-a-100\/\"]}]},{\"@type\":\"BreadcrumbList\",\"@id\":\"https:\/\/www.businessdisplay.it\/negozio\/staffe-e-supporti\/supporti-a-parete-fissi\/supporto-a-parete-per-schermi-di-grandi-dimensioni-lcd-led-plasma-da-60-a-100\/#breadcrumb\",\"itemListElement\":[{\"@type\":\"ListItem\",\"position\":1,\"name\":\"Home\",\"item\":\"https:\/\/www.businessdisplay.it\/negozio\/\"},{\"@type\":\"ListItem\",\"position\":2,\"name\":\"Shop\",\"item\":\"https:\/\/www.businessdisplay.it\/negozio\/shop-2\/\"},{\"@type\":\"ListItem\",\"position\":3,\"name\":\"Supporto a parete per schermi da 60&#8243; a 100&#8243;\"}]},{\"@type\":\"WebSite\",\"@id\":\"https:\/\/www.businessdisplay.it\/negozio\/#website\",\"url\":\"https:\/\/www.businessdisplay.it\/negozio\/\",\"name\":\"Digital Signage negozio online\",\"description\":\"Acquista online monitor da vetrina, totem multimediali, monitor da interno e videowall\",\"publisher\":{\"@id\":\"https:\/\/www.businessdisplay.it\/negozio\/#organization\"},\"potentialAction\":[{\"@type\":\"SearchAction\",\"target\":{\"@type\":\"EntryPoint\",\"urlTemplate\":\"https:\/\/www.businessdisplay.it\/negozio\/?s={search_term_string}\"},\"query-input\":\"required name=search_term_string\"}],\"inLanguage\":\"it-IT\"},{\"@type\":\"Organization\",\"@id\":\"https:\/\/www.businessdisplay.it\/negozio\/#organization\",\"name\":\"Business Display\",\"url\":\"https:\/\/www.businessdisplay.it\/negozio\/\",\"logo\":{\"@type\":\"ImageObject\",\"inLanguage\":\"it-IT\",\"@id\":\"https:\/\/www.businessdisplay.it\/negozio\/#\/schema\/logo\/image\/\",\"url\":\"https:\/\/www.businessdisplay.it\/negozio\/wp-content\/uploads\/2019\/12\/LogoBusiness_HI-RES.png\",\"contentUrl\":\"https:\/\/www.businessdisplay.it\/negozio\/wp-content\/uploads\/2019\/12\/LogoBusiness_HI-RES.png\",\"width\":3333,\"height\":850,\"caption\":\"Business Display\"},\"image\":{\"@id\":\"https:\/\/www.businessdisplay.it\/negozio\/#\/schema\/logo\/image\/\"}}]}<\/script>\n<!-- \/ Yoast SEO plugin. -->","yoast_head_json":{"title":"Supporto a parete per schermi da 60\" a 100\" - Digital Signage negozio online","robots":{"index":"index","follow":"follow","max-snippet":"max-snippet:-1","max-image-preview":"max-image-preview:large","max-video-preview":"max-video-preview:-1"},"canonical":"https:\/\/www.businessdisplay.it\/negozio\/staffe-e-supporti\/supporti-a-parete-fissi\/supporto-a-parete-per-schermi-di-grandi-dimensioni-lcd-led-plasma-da-60-a-100\/","og_locale":"it_IT","og_type":"article","og_title":"Supporto a parete per schermi da 60\" a 100\" - Digital Signage negozio online","og_description":"Caratteristiche principali   Dimensioni supportate : 60\" a 100\"  Peso massimo supportato : 125 Kg  Orientamento : Orizzontale  Vasa Min-Max : 200 x 200 - 900 x 600  Garanzia : 5 Anni","og_url":"https:\/\/www.businessdisplay.it\/negozio\/staffe-e-supporti\/supporti-a-parete-fissi\/supporto-a-parete-per-schermi-di-grandi-dimensioni-lcd-led-plasma-da-60-a-100\/","og_site_name":"Digital Signage negozio online","article_modified_time":"2020-11-13T08:39:58+00:00","og_image":[{"width":1000,"height":1000,"url":"https:\/\/www.businessdisplay.it\/negozio\/wp-content\/uploads\/2019\/12\/Newstar_LFD-W1000_INT_1.jpg","type":"image\/jpeg"}],"twitter_card":"summary_large_image","twitter_misc":{"Tempo di lettura stimato":"1 minuto"},"schema":{"@context":"https:\/\/schema.org","@graph":[{"@type":"WebPage","@id":"https:\/\/www.businessdisplay.it\/negozio\/staffe-e-supporti\/supporti-a-parete-fissi\/supporto-a-parete-per-schermi-di-grandi-dimensioni-lcd-led-plasma-da-60-a-100\/","url":"https:\/\/www.businessdisplay.it\/negozio\/staffe-e-supporti\/supporti-a-parete-fissi\/supporto-a-parete-per-schermi-di-grandi-dimensioni-lcd-led-plasma-da-60-a-100\/","name":"Supporto a parete per schermi da 60\" a 100\" - Digital Signage negozio online","isPartOf":{"@id":"https:\/\/www.businessdisplay.it\/negozio\/#website"},"datePublished":"2019-12-28T11:24:35+00:00","dateModified":"2020-11-13T08:39:58+00:00","breadcrumb":{"@id":"https:\/\/www.businessdisplay.it\/negozio\/staffe-e-supporti\/supporti-a-parete-fissi\/supporto-a-parete-per-schermi-di-grandi-dimensioni-lcd-led-plasma-da-60-a-100\/#breadcrumb"},"inLanguage":"it-IT","potentialAction":[{"@type":"ReadAction","target":["https:\/\/www.businessdisplay.it\/negozio\/staffe-e-supporti\/supporti-a-parete-fissi\/supporto-a-parete-per-schermi-di-grandi-dimensioni-lcd-led-plasma-da-60-a-100\/"]}]},{"@type":"BreadcrumbList","@id":"https:\/\/www.businessdisplay.it\/negozio\/staffe-e-supporti\/supporti-a-parete-fissi\/supporto-a-parete-per-schermi-di-grandi-dimensioni-lcd-led-plasma-da-60-a-100\/#breadcrumb","itemListElement":[{"@type":"ListItem","position":1,"name":"Home","item":"https:\/\/www.businessdisplay.it\/negozio\/"},{"@type":"ListItem","position":2,"name":"Shop","item":"https:\/\/www.businessdisplay.it\/negozio\/shop-2\/"},{"@type":"ListItem","position":3,"name":"Supporto a parete per schermi da 60&#8243; a 100&#8243;"}]},{"@type":"WebSite","@id":"https:\/\/www.businessdisplay.it\/negozio\/#website","url":"https:\/\/www.businessdisplay.it\/negozio\/","name":"Digital Signage negozio online","description":"Acquista online monitor da vetrina, totem multimediali, monitor da interno e videowall","publisher":{"@id":"https:\/\/www.businessdisplay.it\/negozio\/#organization"},"potentialAction":[{"@type":"SearchAction","target":{"@type":"EntryPoint","urlTemplate":"https:\/\/www.businessdisplay.it\/negozio\/?s={search_term_string}"},"query-input":"required name=search_term_string"}],"inLanguage":"it-IT"},{"@type":"Organization","@id":"https:\/\/www.businessdisplay.it\/negozio\/#organization","name":"Business Display","url":"https:\/\/www.businessdisplay.it\/negozio\/","logo":{"@type":"ImageObject","inLanguage":"it-IT","@id":"https:\/\/www.businessdisplay.it\/negozio\/#\/schema\/logo\/image\/","url":"https:\/\/www.businessdisplay.it\/negozio\/wp-content\/uploads\/2019\/12\/LogoBusiness_HI-RES.png","contentUrl":"https:\/\/www.businessdisplay.it\/negozio\/wp-content\/uploads\/2019\/12\/LogoBusiness_HI-RES.png","width":3333,"height":850,"caption":"Business Display"},"image":{"@id":"https:\/\/www.businessdisplay.it\/negozio\/#\/schema\/logo\/image\/"}}]}},"_links":{"self":[{"href":"https:\/\/www.businessdisplay.it\/negozio\/wp-json\/wp\/v2\/product\/5444"}],"collection":[{"href":"https:\/\/www.businessdisplay.it\/negozio\/wp-json\/wp\/v2\/product"}],"about":[{"href":"https:\/\/www.businessdisplay.it\/negozio\/wp-json\/wp\/v2\/types\/product"}],"replies":[{"embeddable":true,"href":"https:\/\/www.businessdisplay.it\/negozio\/wp-json\/wp\/v2\/comments?post=5444"}],"wp:featuredmedia":[{"embeddable":true,"href":"https:\/\/www.businessdisplay.it\/negozio\/wp-json\/wp\/v2\/media\/5448"}],"wp:attachment":[{"href":"https:\/\/www.businessdisplay.it\/negozio\/wp-json\/wp\/v2\/media?parent=5444"}],"wp:term":[{"taxonomy":"product_cat","embeddable":true,"href":"https:\/\/www.businessdisplay.it\/negozio\/wp-json\/wp\/v2\/product_cat?post=5444"},{"taxonomy":"product_tag","embeddable":true,"href":"https:\/\/www.businessdisplay.it\/negozio\/wp-json\/wp\/v2\/product_tag?post=5444"}],"curies":[{"name":"wp","href":"https:\/\/api.w.org\/{rel}","templated":true}]}}