{"id":5623,"date":"2020-01-03T12:04:03","date_gmt":"2020-01-03T11:04:03","guid":{"rendered":"https:\/\/www.businessdisplay.it\/negozio\/?post_type=product&#038;p=5623"},"modified":"2020-11-13T09:42:16","modified_gmt":"2020-11-13T08:42:16","slug":"supporto-da-soffitto-inclinabile-per-schermi-lcd-led-plasma-da-32%e2%80%b3-a-60%e2%80%b3","status":"publish","type":"product","link":"https:\/\/www.businessdisplay.it\/negozio\/staffe-e-supporti\/supporti-a-soffitto\/supporto-da-soffitto-inclinabile-per-schermi-lcd-led-plasma-da-32%e2%80%b3-a-60%e2%80%b3\/","title":{"rendered":"Supporto da soffitto per schermi da 32\u2033 a 60\u2033"},"content":{"rendered":"<div id=\"anchortarget_2\" class=\"col-xxs-12 anchortarget\">\n<div id=\"anchortarget_2\" class=\"col-xxs-12 anchortarget\">\n<div id=\"anchortarget_2\" class=\"col-xxs-12 anchortarget\">\n<p>Il montaggio a soffitto NewStar, modello NM-C440BLACK consente di collegare uno schermo LCD\/LED\/PLASMA sul soffitto.<\/p>\n<p>Utilizzate un montaggio a soffitto per sfruttare pienamente le capacit\u00e0 del vostro schermo. Il montaggio \u00e8 facile da regolare in altezza. \u00c8 inoltre possibile inclinare lo schermo in senso verticale e orizzontale, questo crea l&#8217;angolo di visione ideale. I cavi sono tenuti fuori dalla vista attraverso la predisposizione di passaggio all\u2019interno della colonna.<\/p>\n<p>Il supporto NM-C440BLACK ha un punto di articolazione ed \u00e8 adatto a schermi fino a 60&#8243; (152 cm) con una capacit\u00e0 massima di trasporto di 50 kg. Questo prodotto \u00e8 adatto per schermi con fori VESA da 200&#215;200 fino a 400&#215;400 mm.<\/p>\n<\/div>\n<\/div>\n<\/div>\n","protected":false},"excerpt":{"rendered":"<p>Caratteristiche principali<\/p>\n<ul>\n<li>Dimensioni supportate : 32&#8243; a 60&#8243;<\/li>\n<li>Inclinazione\/Rotazione : 25\u00b0 \/ 360\u00b0<\/li>\n<li>Peso massimo supportato : 50 Kg<\/li>\n<li>Orientamento : Orizzontale<\/li>\n<li>Vesa Min-Max : 200&#215;200 &#8211; 400 x 400<\/li>\n<li>Garanzia : 5 Anni<\/li>\n<\/ul>\n","protected":false},"featured_media":5624,"comment_status":"open","ping_status":"closed","template":"","meta":[],"product_cat":[233,239],"product_tag":[],"yoast_head":"<!-- This site is optimized with the Yoast SEO plugin v20.11 - https:\/\/yoast.com\/wordpress\/plugins\/seo\/ -->\n<title>Supporto da soffitto per schermi da 32\u2033 a 60\u2033 - Digital Signage negozio online<\/title>\n<meta name=\"robots\" content=\"index, follow, max-snippet:-1, max-image-preview:large, max-video-preview:-1\" \/>\n<link rel=\"canonical\" href=\"https:\/\/www.businessdisplay.it\/negozio\/staffe-e-supporti\/supporti-a-soffitto\/supporto-da-soffitto-inclinabile-per-schermi-lcd-led-plasma-da-32\u2033-a-60\u2033\/\" \/>\n<meta property=\"og:locale\" content=\"it_IT\" \/>\n<meta property=\"og:type\" content=\"article\" \/>\n<meta property=\"og:title\" content=\"Supporto da soffitto per schermi da 32\u2033 a 60\u2033 - Digital Signage negozio online\" \/>\n<meta property=\"og:description\" content=\"Caratteristiche principali   Dimensioni supportate : 32&quot; a 60&quot;  Inclinazione\/Rotazione : 25\u00b0 \/ 360\u00b0  Peso massimo supportato : 50 Kg  Orientamento : Orizzontale  Vesa Min-Max : 200x200 - 400 x 400  Garanzia : 5 Anni\" \/>\n<meta property=\"og:url\" content=\"https:\/\/www.businessdisplay.it\/negozio\/staffe-e-supporti\/supporti-a-soffitto\/supporto-da-soffitto-inclinabile-per-schermi-lcd-led-plasma-da-32\u2033-a-60\u2033\/\" \/>\n<meta property=\"og:site_name\" content=\"Digital Signage negozio online\" \/>\n<meta property=\"article:modified_time\" content=\"2020-11-13T08:42:16+00:00\" \/>\n<meta property=\"og:image\" content=\"https:\/\/www.businessdisplay.it\/negozio\/wp-content\/uploads\/2020\/01\/Newstar_NM-C440BLACK_INT_1.jpg\" \/>\n\t<meta property=\"og:image:width\" content=\"1000\" \/>\n\t<meta property=\"og:image:height\" content=\"710\" \/>\n\t<meta property=\"og:image:type\" content=\"image\/jpeg\" \/>\n<meta name=\"twitter:card\" content=\"summary_large_image\" \/>\n<meta name=\"twitter:label1\" content=\"Tempo di lettura stimato\" \/>\n\t<meta name=\"twitter:data1\" content=\"1 minuto\" \/>\n<script type=\"application\/ld+json\" class=\"yoast-schema-graph\">{\"@context\":\"https:\/\/schema.org\",\"@graph\":[{\"@type\":\"WebPage\",\"@id\":\"https:\/\/www.businessdisplay.it\/negozio\/staffe-e-supporti\/supporti-a-soffitto\/supporto-da-soffitto-inclinabile-per-schermi-lcd-led-plasma-da-32%e2%80%b3-a-60%e2%80%b3\/\",\"url\":\"https:\/\/www.businessdisplay.it\/negozio\/staffe-e-supporti\/supporti-a-soffitto\/supporto-da-soffitto-inclinabile-per-schermi-lcd-led-plasma-da-32%e2%80%b3-a-60%e2%80%b3\/\",\"name\":\"Supporto da soffitto per schermi da 32\u2033 a 60\u2033 - Digital Signage negozio online\",\"isPartOf\":{\"@id\":\"https:\/\/www.businessdisplay.it\/negozio\/#website\"},\"datePublished\":\"2020-01-03T11:04:03+00:00\",\"dateModified\":\"2020-11-13T08:42:16+00:00\",\"breadcrumb\":{\"@id\":\"https:\/\/www.businessdisplay.it\/negozio\/staffe-e-supporti\/supporti-a-soffitto\/supporto-da-soffitto-inclinabile-per-schermi-lcd-led-plasma-da-32%e2%80%b3-a-60%e2%80%b3\/#breadcrumb\"},\"inLanguage\":\"it-IT\",\"potentialAction\":[{\"@type\":\"ReadAction\",\"target\":[\"https:\/\/www.businessdisplay.it\/negozio\/staffe-e-supporti\/supporti-a-soffitto\/supporto-da-soffitto-inclinabile-per-schermi-lcd-led-plasma-da-32%e2%80%b3-a-60%e2%80%b3\/\"]}]},{\"@type\":\"BreadcrumbList\",\"@id\":\"https:\/\/www.businessdisplay.it\/negozio\/staffe-e-supporti\/supporti-a-soffitto\/supporto-da-soffitto-inclinabile-per-schermi-lcd-led-plasma-da-32%e2%80%b3-a-60%e2%80%b3\/#breadcrumb\",\"itemListElement\":[{\"@type\":\"ListItem\",\"position\":1,\"name\":\"Home\",\"item\":\"https:\/\/www.businessdisplay.it\/negozio\/\"},{\"@type\":\"ListItem\",\"position\":2,\"name\":\"Shop\",\"item\":\"https:\/\/www.businessdisplay.it\/negozio\/shop-2\/\"},{\"@type\":\"ListItem\",\"position\":3,\"name\":\"Supporto da soffitto per schermi da 32\u2033 a 60\u2033\"}]},{\"@type\":\"WebSite\",\"@id\":\"https:\/\/www.businessdisplay.it\/negozio\/#website\",\"url\":\"https:\/\/www.businessdisplay.it\/negozio\/\",\"name\":\"Digital Signage negozio online\",\"description\":\"Acquista online monitor da vetrina, totem multimediali, monitor da interno e videowall\",\"publisher\":{\"@id\":\"https:\/\/www.businessdisplay.it\/negozio\/#organization\"},\"potentialAction\":[{\"@type\":\"SearchAction\",\"target\":{\"@type\":\"EntryPoint\",\"urlTemplate\":\"https:\/\/www.businessdisplay.it\/negozio\/?s={search_term_string}\"},\"query-input\":\"required name=search_term_string\"}],\"inLanguage\":\"it-IT\"},{\"@type\":\"Organization\",\"@id\":\"https:\/\/www.businessdisplay.it\/negozio\/#organization\",\"name\":\"Business Display\",\"url\":\"https:\/\/www.businessdisplay.it\/negozio\/\",\"logo\":{\"@type\":\"ImageObject\",\"inLanguage\":\"it-IT\",\"@id\":\"https:\/\/www.businessdisplay.it\/negozio\/#\/schema\/logo\/image\/\",\"url\":\"https:\/\/www.businessdisplay.it\/negozio\/wp-content\/uploads\/2019\/12\/LogoBusiness_HI-RES.png\",\"contentUrl\":\"https:\/\/www.businessdisplay.it\/negozio\/wp-content\/uploads\/2019\/12\/LogoBusiness_HI-RES.png\",\"width\":3333,\"height\":850,\"caption\":\"Business Display\"},\"image\":{\"@id\":\"https:\/\/www.businessdisplay.it\/negozio\/#\/schema\/logo\/image\/\"}}]}<\/script>\n<!-- \/ Yoast SEO plugin. -->","yoast_head_json":{"title":"Supporto da soffitto per schermi da 32\u2033 a 60\u2033 - Digital Signage negozio online","robots":{"index":"index","follow":"follow","max-snippet":"max-snippet:-1","max-image-preview":"max-image-preview:large","max-video-preview":"max-video-preview:-1"},"canonical":"https:\/\/www.businessdisplay.it\/negozio\/staffe-e-supporti\/supporti-a-soffitto\/supporto-da-soffitto-inclinabile-per-schermi-lcd-led-plasma-da-32\u2033-a-60\u2033\/","og_locale":"it_IT","og_type":"article","og_title":"Supporto da soffitto per schermi da 32\u2033 a 60\u2033 - Digital Signage negozio online","og_description":"Caratteristiche principali   Dimensioni supportate : 32\" a 60\"  Inclinazione\/Rotazione : 25\u00b0 \/ 360\u00b0  Peso massimo supportato : 50 Kg  Orientamento : Orizzontale  Vesa Min-Max : 200x200 - 400 x 400  Garanzia : 5 Anni","og_url":"https:\/\/www.businessdisplay.it\/negozio\/staffe-e-supporti\/supporti-a-soffitto\/supporto-da-soffitto-inclinabile-per-schermi-lcd-led-plasma-da-32\u2033-a-60\u2033\/","og_site_name":"Digital Signage negozio online","article_modified_time":"2020-11-13T08:42:16+00:00","og_image":[{"width":1000,"height":710,"url":"https:\/\/www.businessdisplay.it\/negozio\/wp-content\/uploads\/2020\/01\/Newstar_NM-C440BLACK_INT_1.jpg","type":"image\/jpeg"}],"twitter_card":"summary_large_image","twitter_misc":{"Tempo di lettura stimato":"1 minuto"},"schema":{"@context":"https:\/\/schema.org","@graph":[{"@type":"WebPage","@id":"https:\/\/www.businessdisplay.it\/negozio\/staffe-e-supporti\/supporti-a-soffitto\/supporto-da-soffitto-inclinabile-per-schermi-lcd-led-plasma-da-32%e2%80%b3-a-60%e2%80%b3\/","url":"https:\/\/www.businessdisplay.it\/negozio\/staffe-e-supporti\/supporti-a-soffitto\/supporto-da-soffitto-inclinabile-per-schermi-lcd-led-plasma-da-32%e2%80%b3-a-60%e2%80%b3\/","name":"Supporto da soffitto per schermi da 32\u2033 a 60\u2033 - Digital Signage negozio online","isPartOf":{"@id":"https:\/\/www.businessdisplay.it\/negozio\/#website"},"datePublished":"2020-01-03T11:04:03+00:00","dateModified":"2020-11-13T08:42:16+00:00","breadcrumb":{"@id":"https:\/\/www.businessdisplay.it\/negozio\/staffe-e-supporti\/supporti-a-soffitto\/supporto-da-soffitto-inclinabile-per-schermi-lcd-led-plasma-da-32%e2%80%b3-a-60%e2%80%b3\/#breadcrumb"},"inLanguage":"it-IT","potentialAction":[{"@type":"ReadAction","target":["https:\/\/www.businessdisplay.it\/negozio\/staffe-e-supporti\/supporti-a-soffitto\/supporto-da-soffitto-inclinabile-per-schermi-lcd-led-plasma-da-32%e2%80%b3-a-60%e2%80%b3\/"]}]},{"@type":"BreadcrumbList","@id":"https:\/\/www.businessdisplay.it\/negozio\/staffe-e-supporti\/supporti-a-soffitto\/supporto-da-soffitto-inclinabile-per-schermi-lcd-led-plasma-da-32%e2%80%b3-a-60%e2%80%b3\/#breadcrumb","itemListElement":[{"@type":"ListItem","position":1,"name":"Home","item":"https:\/\/www.businessdisplay.it\/negozio\/"},{"@type":"ListItem","position":2,"name":"Shop","item":"https:\/\/www.businessdisplay.it\/negozio\/shop-2\/"},{"@type":"ListItem","position":3,"name":"Supporto da soffitto per schermi da 32\u2033 a 60\u2033"}]},{"@type":"WebSite","@id":"https:\/\/www.businessdisplay.it\/negozio\/#website","url":"https:\/\/www.businessdisplay.it\/negozio\/","name":"Digital Signage negozio online","description":"Acquista online monitor da vetrina, totem multimediali, monitor da interno e videowall","publisher":{"@id":"https:\/\/www.businessdisplay.it\/negozio\/#organization"},"potentialAction":[{"@type":"SearchAction","target":{"@type":"EntryPoint","urlTemplate":"https:\/\/www.businessdisplay.it\/negozio\/?s={search_term_string}"},"query-input":"required name=search_term_string"}],"inLanguage":"it-IT"},{"@type":"Organization","@id":"https:\/\/www.businessdisplay.it\/negozio\/#organization","name":"Business Display","url":"https:\/\/www.businessdisplay.it\/negozio\/","logo":{"@type":"ImageObject","inLanguage":"it-IT","@id":"https:\/\/www.businessdisplay.it\/negozio\/#\/schema\/logo\/image\/","url":"https:\/\/www.businessdisplay.it\/negozio\/wp-content\/uploads\/2019\/12\/LogoBusiness_HI-RES.png","contentUrl":"https:\/\/www.businessdisplay.it\/negozio\/wp-content\/uploads\/2019\/12\/LogoBusiness_HI-RES.png","width":3333,"height":850,"caption":"Business Display"},"image":{"@id":"https:\/\/www.businessdisplay.it\/negozio\/#\/schema\/logo\/image\/"}}]}},"_links":{"self":[{"href":"https:\/\/www.businessdisplay.it\/negozio\/wp-json\/wp\/v2\/product\/5623"}],"collection":[{"href":"https:\/\/www.businessdisplay.it\/negozio\/wp-json\/wp\/v2\/product"}],"about":[{"href":"https:\/\/www.businessdisplay.it\/negozio\/wp-json\/wp\/v2\/types\/product"}],"replies":[{"embeddable":true,"href":"https:\/\/www.businessdisplay.it\/negozio\/wp-json\/wp\/v2\/comments?post=5623"}],"wp:featuredmedia":[{"embeddable":true,"href":"https:\/\/www.businessdisplay.it\/negozio\/wp-json\/wp\/v2\/media\/5624"}],"wp:attachment":[{"href":"https:\/\/www.businessdisplay.it\/negozio\/wp-json\/wp\/v2\/media?parent=5623"}],"wp:term":[{"taxonomy":"product_cat","embeddable":true,"href":"https:\/\/www.businessdisplay.it\/negozio\/wp-json\/wp\/v2\/product_cat?post=5623"},{"taxonomy":"product_tag","embeddable":true,"href":"https:\/\/www.businessdisplay.it\/negozio\/wp-json\/wp\/v2\/product_tag?post=5623"}],"curies":[{"name":"wp","href":"https:\/\/api.w.org\/{rel}","templated":true}]}}