{"id":6263,"date":"2020-01-15T16:01:43","date_gmt":"2020-01-15T15:01:43","guid":{"rendered":"https:\/\/www.businessdisplay.it\/negozio\/?post_type=product&#038;p=6263"},"modified":"2021-08-27T16:24:01","modified_gmt":"2021-08-27T14:24:01","slug":"monitor-led-65-pollici-lg-65um3df-b","status":"publish","type":"product","link":"https:\/\/www.businessdisplay.it\/negozio\/soluzioni-per-settore\/sale-riunioni\/monitor-led-65-pollici-lg-65um3df-b\/","title":{"rendered":"Monitor Led 65 pollici LG 65UM3DF-B"},"content":{"rendered":"<p><img loading=\"lazy\" decoding=\"async\" class=\"alignnone wp-image-2994 size-large\" src=\"https:\/\/www.businessdisplay.it\/negozio\/wp-content\/uploads\/2020\/01\/UM3F-01-LG-UHD-Signage-Provides-Information-Effectively-Standard-Premium-Digital-Signage-ID_1564985801021.jpg\" alt=\"overview_hero_2x\" width=\"1024\" height=\"430\" \/><\/p>\n<p class=\"text-normal\"><strong>LG UHD Signage fornisce informazioni in modo efficace<\/strong><\/p>\n<p>La serie UM3DF \u00e8 una segnaletica UHD che \u00e8 stata ottimizzata per vari ambienti interni.\u00a0Presenta una qualit\u00e0 UHD superiore, un design sottile, protezione dalla polvere esterna e varie comodit\u00e0 per gli utenti.<\/p>\n<p>&nbsp;<\/p>\n<p><img loading=\"lazy\" decoding=\"async\" class=\"alignnone wp-image-2994 size-large\" src=\"https:\/\/www.businessdisplay.it\/negozio\/wp-content\/uploads\/2020\/01\/UM3F-02-ULTRA-HD-Resolution-Standard-Premium-Digital-Signage-ID_1564364506834-e1579098288544.jpg\" alt=\"overview_hero_2x\" width=\"1024\" height=\"430\" \/><\/p>\n<p class=\"text-normal\"><strong>Risoluzione ULTRA HD<\/strong><\/p>\n<p>Con una risoluzione 4 volte superiore a FHD, rende il colore e i dettagli dei contenuti pi\u00f9 vividi e realistici.\u00a0Inoltre, l&#8217;ampio angolo di visione applicato con il pannello IPS LG offre contenuti chiari senza distorsioni.<\/p>\n<p><img loading=\"lazy\" decoding=\"async\" class=\"alignnone wp-image-2993 size-full\" src=\"https:\/\/www.businessdisplay.it\/negozio\/wp-content\/uploads\/2020\/01\/UM3F-04-Narrow-Bezel-Slim-Depth-Standard-Premium-Digital-Signage-ID_1564363819204-e1579098366990.jpg\" alt=\"hero_large_2x\" width=\"1956\" height=\"724\" \/><\/p>\n<p class=\"text-normal\"><strong>Bordi e profondit\u00e0 ridotta<\/strong><\/p>\n<section class=\"module m02 text-dark text-standard image-top image-left\">\n<div class=\"text-block\">\n<div class=\"vertical-align-wrap\">\n<div class=\"inner-wrap\">\n<p>La serie UM3DF ha dimensioni e spessore della cornice inferiori, il che consente di risparmiare spazio e di facilitare l&#8217;installazione.\u00a0Inoltre, aumenta l&#8217;esperienza immersiva dallo schermo e fornisce un design sofisticato, migliorando l&#8217;arredamento dello spazio in cui \u00e8 installato il prodotto.<\/p>\n<\/div>\n<\/div>\n<\/div>\n<\/section>\n<section class=\"module m03 text-dark text-standard image-top image-right\"><\/section>\n<p><img loading=\"lazy\" decoding=\"async\" class=\"wp-image-2993 size-full alignnone\" src=\"https:\/\/www.businessdisplay.it\/negozio\/wp-content\/uploads\/2020\/01\/UM3F-05-Detachable-Logo-and-Built-in-Speaker-Standard-Premium-Digital-Signage-ID_1564363858518-e1579098419935.jpg\" alt=\"hero_large_2x\" width=\"1956\" height=\"724\" \/><\/p>\n<p class=\"text-normal\"><strong>Logo rimovibile e altoparlante incorporato<\/strong><\/p>\n<p>La serie UM3DF \u00e8 dotata di un nuovo logo trasparente che \u00e8 ben organizzato con l&#8217;ambiente circostante.\u00a0Inoltre, la sua funzione rimovibile offre agli utenti flessibilit\u00e0 per l&#8217;installazione.\u00a0I contenuti saranno arricchiti con effetti sonori dagli altoparlanti integrati, senza la necessit\u00e0 di acquistare o installare altoparlanti esterni.<\/p>\n<p><img loading=\"lazy\" decoding=\"async\" class=\"alignnone wp-image-2993 size-full\" src=\"https:\/\/www.businessdisplay.it\/negozio\/wp-content\/uploads\/2020\/01\/UM3F-06-IP5x-Certified-Design-Standard-Premium-Digital-Signage-ID_1564363903409-e1579098475220.jpg\" alt=\"hero_large_2x\" width=\"1956\" height=\"724\" \/><\/p>\n<p class=\"text-normal\"><strong>Design certificato IP5x<\/strong><\/p>\n<p>La certificazione antipolvere IP5x garantisce che il prodotto sia completamente protetto dalla polvere, eliminando il rischio di degrado delle prestazioni.<\/p>\n<p><img loading=\"lazy\" decoding=\"async\" class=\"alignnone wp-image-2993 size-full\" src=\"https:\/\/www.businessdisplay.it\/negozio\/wp-content\/uploads\/2020\/01\/UM3DF-07-30-Tilting-Installation-Standard-Premium-Digital-Signage-ID_1565056518622-e1579098558418.jpg\" alt=\"hero_large_2x\" width=\"1956\" height=\"724\" \/><\/p>\n<p class=\"text-normal\"><strong>Installazione inclinabile a 30 \u00b0<\/strong><\/p>\n<div class=\"column\">\n<p>Quando un display viene installato in luoghi elevati, viene solitamente inclinato per la visione confortevole dell&#8217;utente.\u00a0In considerazione di ci\u00f2, la serie UM3DF supporta l&#8217;installazione con inclinazione di 30 gradi *.<\/p>\n<p><img loading=\"lazy\" decoding=\"async\" class=\"alignnone wp-image-2993 size-full\" src=\"https:\/\/www.businessdisplay.it\/negozio\/wp-content\/uploads\/2020\/01\/UM3DF-08-Auto-Screen-Rotation-Standard-Premium-Digital-Signage-ID_1564462576529-e1579098633744.jpg\" alt=\"hero_large_2x\" width=\"1956\" height=\"724\" \/><\/p>\n<p class=\"text-normal\"><strong>Rotazione automatica dello schermo<\/strong><\/p>\n<div class=\"column\">\n<p>La serie UM3DF rileva automaticamente il suo orientamento (modalit\u00e0 orizzontale o verticale) nella fase di installazione iniziale, quindi non \u00e8 necessario il processo di impostazione della rotazione manuale.\u00a0La direzione dell&#8217;OSD e i contenuti di sfondo saranno gi\u00e0 impostati quando si accende un display all&#8217;inizio.<\/p>\n<p><img loading=\"lazy\" decoding=\"async\" class=\"alignnone wp-image-2993 size-full\" src=\"https:\/\/www.businessdisplay.it\/negozio\/wp-content\/uploads\/2020\/01\/UM3F-09-Fine-Adjustment-Standard-Premium-Digital-Signage-ID_1564364090619-e1579098689478.jpg\" alt=\"hero_large_2x\" width=\"1956\" height=\"724\" \/><\/p>\n<p class=\"text-normal\"><strong>Regolazione Precisa<\/strong><\/p>\n<div class=\"column\">\n<p>La serie UM3DF \u00e8 dotata di un &#8220;sensore orizzontale&#8221; che mostra agli utenti come il dispositivo \u00e8 inclinato, in modo che possa essere installato con precisione.<\/p>\n<div class=\"column\">\n<p>&nbsp;<\/p>\n<p><img loading=\"lazy\" decoding=\"async\" class=\"alignnone wp-image-2993 size-full\" src=\"https:\/\/www.businessdisplay.it\/negozio\/wp-content\/uploads\/2020\/01\/UM3F-11-Simple-Accessibility-Standard-Premium-Digital-Signage-ID_1564364231004-e1579098755685.jpg\" alt=\"hero_large_2x\" width=\"1956\" height=\"724\" \/><\/p>\n<p class=\"text-normal\"><strong>Accessibilit\u00e0 semplice<\/strong><\/p>\n<div class=\"column\">\n<p>A differenza dei modelli precedenti in cui \u00e8 necessario premere vari pulsanti per il controllo, la serie UM3DF fornisce un singolo joystick per facilitare l&#8217;accensione \/ lo spegnimento, le operazioni di input \/ impostazione, il controllo del volume, ecc.<\/p>\n<p><img loading=\"lazy\" decoding=\"async\" class=\"alignnone wp-image-2993 size-full\" src=\"https:\/\/www.businessdisplay.it\/negozio\/wp-content\/uploads\/2020\/01\/UM3F-12-High-Performance-with-webOS-Standard-Premium-Digital-Signage-ID_1564364283123-e1579098854797.jpg\" alt=\"hero_large_2x\" width=\"1956\" height=\"724\" \/><\/p>\n<p class=\"text-normal\"><strong>Ad alte prestazioni con webOS<\/strong><\/p>\n<div class=\"column\">\n<p>Il SoC Quad Core integrato pu\u00f2 eseguire diverse attivit\u00e0 contemporaneamente fornendo una riproduzione fluida dei contenuti senza la necessit\u00e0 di un lettore multimediale.\u00a0Anche la piattaforma webOS di LG migliora la praticit\u00e0 dell&#8217;utente con una GUI intuitiva e semplici strumenti di sviluppo di app.<\/p>\n<p><img loading=\"lazy\" decoding=\"async\" class=\"alignnone wp-image-2993 size-full\" src=\"https:\/\/www.businessdisplay.it\/negozio\/wp-content\/uploads\/2020\/01\/UM3F-14-Compatibility-with-AV-Control-System-Standard-Premium-Digital-Signage-ID_1564364389050-e1579098906877.jpg\" alt=\"hero_large_2x\" width=\"1956\" height=\"724\" \/><\/p>\n<p class=\"text-normal\"><strong>Compatibilit\u00e0 con il sistema di controllo AV<\/strong><\/p>\n<div class=\"column\">\n<p>La serie UM3DF \u00e8 stata certificata Crestron Connected\u00ae per un&#8217;elevata compatibilit\u00e0 con i controlli AV professionali per ottenere una perfetta integrazione e controllo automatizzato *, aumentando l&#8217;efficienza della gestione aziendale.<\/p>\n<p><img loading=\"lazy\" decoding=\"async\" class=\"alignnone wp-image-2993 size-full\" src=\"https:\/\/www.businessdisplay.it\/negozio\/wp-content\/uploads\/2020\/01\/UM3F-15-Compatibility-with-Video-Conference-System-Standard-Premium-Digital-Signage-ID_1564364470305-e1579098941358.jpg\" alt=\"hero_large_2x\" width=\"1956\" height=\"724\" \/><\/p>\n<p class=\"text-normal\"><strong>Compatibilit\u00e0 con il sistema di videoconferenza<\/strong><\/p>\n<div class=\"column\">\n<p>Per un incontro visivo ottimale, la serie UM3DF ha certificato la sua compatibilit\u00e0 con Cisco System che offre un controllo potente e integrato * per una videoconferenza pi\u00f9 intelligente, eliminando una perdita di tempo per l&#8217;impostazione della qualit\u00e0 delle immagini o la modifica dell&#8217;input nelle chiamate in arrivo.<\/p>\n<p><img loading=\"lazy\" decoding=\"async\" class=\"alignnone wp-image-2993 size-full\" src=\"https:\/\/www.businessdisplay.it\/negozio\/wp-content\/uploads\/2020\/01\/OPTIMIZED-WORK-FLOW-WITH-LG-PRESENTER_1554789194284_1554854819753-e1579098995296.jpg\" alt=\"hero_large_2x\" width=\"1956\" height=\"724\" \/><\/p>\n<p class=\"text-normal\"><strong>Flusso di lavoro ottimizzato con LG Presenter<\/strong><\/p>\n<div class=\"column\">\n<p>LG Presenter, un&#8217;applicazione integrata, consente la condivisione dello schermo wireless * tra computer e segnaletica digitale LG.\u00a0Offre agli utenti un&#8217;esperienza di incontro intelligente e conveniente, riducendo il tempo impiegato a gestire inutilmente dispositivi e cavi per la connessione.<\/p>\n<\/div>\n<\/div>\n<\/div>\n<\/div>\n<\/div>\n<\/div>\n<\/div>\n<\/div>\n<\/div>\n","protected":false},"excerpt":{"rendered":"<p>Caratteristiche principali<\/p>\n<ul>\n<li>Luminosit\u00e0 : 350 cd\/m\u00b2<\/li>\n<li>Risoluzione : 3,840 x 2,160 (4K UHD)<\/li>\n<li>Utilizzo : 18\/7 (Ore\/Giorni)<\/li>\n<li>Slot OPS : Si<\/li>\n<li>Gestione : Web OS 4.0<\/li>\n<li>Garanzia : 3 Anni On-Site<\/li>\n<\/ul>\n","protected":false},"featured_media":6267,"comment_status":"open","ping_status":"closed","template":"","meta":[],"product_cat":[243,251,250],"product_tag":[],"yoast_head":"<!-- This site is optimized with the Yoast SEO plugin v20.11 - https:\/\/yoast.com\/wordpress\/plugins\/seo\/ -->\n<title>Monitor Led 65 pollici LG 65UM3DF-B - Digital Signage negozio online<\/title>\n<meta name=\"robots\" content=\"index, follow, max-snippet:-1, max-image-preview:large, max-video-preview:-1\" \/>\n<link rel=\"canonical\" href=\"https:\/\/www.businessdisplay.it\/negozio\/soluzioni-per-settore\/sale-riunioni\/monitor-led-65-pollici-lg-65um3df-b\/\" \/>\n<meta property=\"og:locale\" content=\"it_IT\" \/>\n<meta property=\"og:type\" content=\"article\" \/>\n<meta property=\"og:title\" content=\"Monitor Led 65 pollici LG 65UM3DF-B - Digital Signage negozio online\" \/>\n<meta property=\"og:description\" content=\"Caratteristiche principali   Luminosit\u00e0 : 350 cd\/m\u00b2  Risoluzione : 3,840 x 2,160 (4K UHD)  Utilizzo : 18\/7 (Ore\/Giorni)  Slot OPS : Si  Gestione : Web OS 4.0  Garanzia : 3 Anni On-Site\" \/>\n<meta property=\"og:url\" content=\"https:\/\/www.businessdisplay.it\/negozio\/soluzioni-per-settore\/sale-riunioni\/monitor-led-65-pollici-lg-65um3df-b\/\" \/>\n<meta property=\"og:site_name\" content=\"Digital Signage negozio online\" \/>\n<meta property=\"article:modified_time\" content=\"2021-08-27T14:24:01+00:00\" \/>\n<meta property=\"og:image\" content=\"https:\/\/www.businessdisplay.it\/negozio\/wp-content\/uploads\/2020\/01\/LG_65UM3DF-B_INT_1.jpg\" \/>\n\t<meta property=\"og:image:width\" content=\"1600\" \/>\n\t<meta property=\"og:image:height\" content=\"1062\" \/>\n\t<meta property=\"og:image:type\" content=\"image\/jpeg\" \/>\n<meta name=\"twitter:card\" content=\"summary_large_image\" \/>\n<meta name=\"twitter:label1\" content=\"Tempo di lettura stimato\" \/>\n\t<meta name=\"twitter:data1\" content=\"3 minuti\" \/>\n<script type=\"application\/ld+json\" class=\"yoast-schema-graph\">{\"@context\":\"https:\/\/schema.org\",\"@graph\":[{\"@type\":\"WebPage\",\"@id\":\"https:\/\/www.businessdisplay.it\/negozio\/soluzioni-per-settore\/sale-riunioni\/monitor-led-65-pollici-lg-65um3df-b\/\",\"url\":\"https:\/\/www.businessdisplay.it\/negozio\/soluzioni-per-settore\/sale-riunioni\/monitor-led-65-pollici-lg-65um3df-b\/\",\"name\":\"Monitor Led 65 pollici LG 65UM3DF-B - Digital Signage negozio online\",\"isPartOf\":{\"@id\":\"https:\/\/www.businessdisplay.it\/negozio\/#website\"},\"datePublished\":\"2020-01-15T15:01:43+00:00\",\"dateModified\":\"2021-08-27T14:24:01+00:00\",\"breadcrumb\":{\"@id\":\"https:\/\/www.businessdisplay.it\/negozio\/soluzioni-per-settore\/sale-riunioni\/monitor-led-65-pollici-lg-65um3df-b\/#breadcrumb\"},\"inLanguage\":\"it-IT\",\"potentialAction\":[{\"@type\":\"ReadAction\",\"target\":[\"https:\/\/www.businessdisplay.it\/negozio\/soluzioni-per-settore\/sale-riunioni\/monitor-led-65-pollici-lg-65um3df-b\/\"]}]},{\"@type\":\"BreadcrumbList\",\"@id\":\"https:\/\/www.businessdisplay.it\/negozio\/soluzioni-per-settore\/sale-riunioni\/monitor-led-65-pollici-lg-65um3df-b\/#breadcrumb\",\"itemListElement\":[{\"@type\":\"ListItem\",\"position\":1,\"name\":\"Home\",\"item\":\"https:\/\/www.businessdisplay.it\/negozio\/\"},{\"@type\":\"ListItem\",\"position\":2,\"name\":\"Shop\",\"item\":\"https:\/\/www.businessdisplay.it\/negozio\/shop-2\/\"},{\"@type\":\"ListItem\",\"position\":3,\"name\":\"Monitor Led 65 pollici LG 65UM3DF-B\"}]},{\"@type\":\"WebSite\",\"@id\":\"https:\/\/www.businessdisplay.it\/negozio\/#website\",\"url\":\"https:\/\/www.businessdisplay.it\/negozio\/\",\"name\":\"Digital Signage negozio online\",\"description\":\"Acquista online monitor da vetrina, totem multimediali, monitor da interno e videowall\",\"publisher\":{\"@id\":\"https:\/\/www.businessdisplay.it\/negozio\/#organization\"},\"potentialAction\":[{\"@type\":\"SearchAction\",\"target\":{\"@type\":\"EntryPoint\",\"urlTemplate\":\"https:\/\/www.businessdisplay.it\/negozio\/?s={search_term_string}\"},\"query-input\":\"required name=search_term_string\"}],\"inLanguage\":\"it-IT\"},{\"@type\":\"Organization\",\"@id\":\"https:\/\/www.businessdisplay.it\/negozio\/#organization\",\"name\":\"Business Display\",\"url\":\"https:\/\/www.businessdisplay.it\/negozio\/\",\"logo\":{\"@type\":\"ImageObject\",\"inLanguage\":\"it-IT\",\"@id\":\"https:\/\/www.businessdisplay.it\/negozio\/#\/schema\/logo\/image\/\",\"url\":\"https:\/\/www.businessdisplay.it\/negozio\/wp-content\/uploads\/2019\/12\/LogoBusiness_HI-RES.png\",\"contentUrl\":\"https:\/\/www.businessdisplay.it\/negozio\/wp-content\/uploads\/2019\/12\/LogoBusiness_HI-RES.png\",\"width\":3333,\"height\":850,\"caption\":\"Business Display\"},\"image\":{\"@id\":\"https:\/\/www.businessdisplay.it\/negozio\/#\/schema\/logo\/image\/\"}}]}<\/script>\n<!-- \/ Yoast SEO plugin. -->","yoast_head_json":{"title":"Monitor Led 65 pollici LG 65UM3DF-B - Digital Signage negozio online","robots":{"index":"index","follow":"follow","max-snippet":"max-snippet:-1","max-image-preview":"max-image-preview:large","max-video-preview":"max-video-preview:-1"},"canonical":"https:\/\/www.businessdisplay.it\/negozio\/soluzioni-per-settore\/sale-riunioni\/monitor-led-65-pollici-lg-65um3df-b\/","og_locale":"it_IT","og_type":"article","og_title":"Monitor Led 65 pollici LG 65UM3DF-B - Digital Signage negozio online","og_description":"Caratteristiche principali   Luminosit\u00e0 : 350 cd\/m\u00b2  Risoluzione : 3,840 x 2,160 (4K UHD)  Utilizzo : 18\/7 (Ore\/Giorni)  Slot OPS : Si  Gestione : Web OS 4.0  Garanzia : 3 Anni On-Site","og_url":"https:\/\/www.businessdisplay.it\/negozio\/soluzioni-per-settore\/sale-riunioni\/monitor-led-65-pollici-lg-65um3df-b\/","og_site_name":"Digital Signage negozio online","article_modified_time":"2021-08-27T14:24:01+00:00","og_image":[{"width":1600,"height":1062,"url":"https:\/\/www.businessdisplay.it\/negozio\/wp-content\/uploads\/2020\/01\/LG_65UM3DF-B_INT_1.jpg","type":"image\/jpeg"}],"twitter_card":"summary_large_image","twitter_misc":{"Tempo di lettura stimato":"3 minuti"},"schema":{"@context":"https:\/\/schema.org","@graph":[{"@type":"WebPage","@id":"https:\/\/www.businessdisplay.it\/negozio\/soluzioni-per-settore\/sale-riunioni\/monitor-led-65-pollici-lg-65um3df-b\/","url":"https:\/\/www.businessdisplay.it\/negozio\/soluzioni-per-settore\/sale-riunioni\/monitor-led-65-pollici-lg-65um3df-b\/","name":"Monitor Led 65 pollici LG 65UM3DF-B - Digital Signage negozio online","isPartOf":{"@id":"https:\/\/www.businessdisplay.it\/negozio\/#website"},"datePublished":"2020-01-15T15:01:43+00:00","dateModified":"2021-08-27T14:24:01+00:00","breadcrumb":{"@id":"https:\/\/www.businessdisplay.it\/negozio\/soluzioni-per-settore\/sale-riunioni\/monitor-led-65-pollici-lg-65um3df-b\/#breadcrumb"},"inLanguage":"it-IT","potentialAction":[{"@type":"ReadAction","target":["https:\/\/www.businessdisplay.it\/negozio\/soluzioni-per-settore\/sale-riunioni\/monitor-led-65-pollici-lg-65um3df-b\/"]}]},{"@type":"BreadcrumbList","@id":"https:\/\/www.businessdisplay.it\/negozio\/soluzioni-per-settore\/sale-riunioni\/monitor-led-65-pollici-lg-65um3df-b\/#breadcrumb","itemListElement":[{"@type":"ListItem","position":1,"name":"Home","item":"https:\/\/www.businessdisplay.it\/negozio\/"},{"@type":"ListItem","position":2,"name":"Shop","item":"https:\/\/www.businessdisplay.it\/negozio\/shop-2\/"},{"@type":"ListItem","position":3,"name":"Monitor Led 65 pollici LG 65UM3DF-B"}]},{"@type":"WebSite","@id":"https:\/\/www.businessdisplay.it\/negozio\/#website","url":"https:\/\/www.businessdisplay.it\/negozio\/","name":"Digital Signage negozio online","description":"Acquista online monitor da vetrina, totem multimediali, monitor da interno e videowall","publisher":{"@id":"https:\/\/www.businessdisplay.it\/negozio\/#organization"},"potentialAction":[{"@type":"SearchAction","target":{"@type":"EntryPoint","urlTemplate":"https:\/\/www.businessdisplay.it\/negozio\/?s={search_term_string}"},"query-input":"required name=search_term_string"}],"inLanguage":"it-IT"},{"@type":"Organization","@id":"https:\/\/www.businessdisplay.it\/negozio\/#organization","name":"Business Display","url":"https:\/\/www.businessdisplay.it\/negozio\/","logo":{"@type":"ImageObject","inLanguage":"it-IT","@id":"https:\/\/www.businessdisplay.it\/negozio\/#\/schema\/logo\/image\/","url":"https:\/\/www.businessdisplay.it\/negozio\/wp-content\/uploads\/2019\/12\/LogoBusiness_HI-RES.png","contentUrl":"https:\/\/www.businessdisplay.it\/negozio\/wp-content\/uploads\/2019\/12\/LogoBusiness_HI-RES.png","width":3333,"height":850,"caption":"Business Display"},"image":{"@id":"https:\/\/www.businessdisplay.it\/negozio\/#\/schema\/logo\/image\/"}}]}},"_links":{"self":[{"href":"https:\/\/www.businessdisplay.it\/negozio\/wp-json\/wp\/v2\/product\/6263"}],"collection":[{"href":"https:\/\/www.businessdisplay.it\/negozio\/wp-json\/wp\/v2\/product"}],"about":[{"href":"https:\/\/www.businessdisplay.it\/negozio\/wp-json\/wp\/v2\/types\/product"}],"replies":[{"embeddable":true,"href":"https:\/\/www.businessdisplay.it\/negozio\/wp-json\/wp\/v2\/comments?post=6263"}],"wp:featuredmedia":[{"embeddable":true,"href":"https:\/\/www.businessdisplay.it\/negozio\/wp-json\/wp\/v2\/media\/6267"}],"wp:attachment":[{"href":"https:\/\/www.businessdisplay.it\/negozio\/wp-json\/wp\/v2\/media?parent=6263"}],"wp:term":[{"taxonomy":"product_cat","embeddable":true,"href":"https:\/\/www.businessdisplay.it\/negozio\/wp-json\/wp\/v2\/product_cat?post=6263"},{"taxonomy":"product_tag","embeddable":true,"href":"https:\/\/www.businessdisplay.it\/negozio\/wp-json\/wp\/v2\/product_tag?post=6263"}],"curies":[{"name":"wp","href":"https:\/\/api.w.org\/{rel}","templated":true}]}}