{"id":7356,"date":"2020-02-26T11:30:05","date_gmt":"2020-02-26T10:30:05","guid":{"rendered":"https:\/\/www.businessdisplay.it\/negozio\/?post_type=product&#038;p=7356"},"modified":"2021-08-27T16:21:27","modified_gmt":"2021-08-27T14:21:27","slug":"monitor-led-49-pollici-lg-49uh7f","status":"publish","type":"product","link":"https:\/\/www.businessdisplay.it\/negozio\/monitor\/monitor-led-49-pollici-lg-49uh7f\/","title":{"rendered":"Monitor Led 49 pollici LG 49UH7F"},"content":{"rendered":"<p><img loading=\"lazy\" decoding=\"async\" class=\"alignnone wp-image-2994 size-large\" src=\"https:\/\/www.businessdisplay.it\/negozio\/wp-content\/uploads\/2020\/02\/1565676100344_55633.jpg\" alt=\"overview_hero_2x\" width=\"1024\" height=\"430\" \/><\/p>\n<p class=\"h_txt\"><strong>LG UHD Signage fornisce informazioni in modo efficace<\/strong><\/p>\n<p>La serie UH7F \u00e8 una segnaletica UHD che \u00e8 stata ottimizzata per vari ambienti interni.\u00a0\u00c8 dotato di qualit\u00e0 UHD superiore, design sottile, protezione dalla polvere esterna e vari comfort per gli utenti.<\/p>\n<p><img loading=\"lazy\" decoding=\"async\" class=\"alignnone wp-image-2993 size-full\" src=\"https:\/\/www.businessdisplay.it\/negozio\/wp-content\/uploads\/2020\/02\/1565676220580_46852.jpg\" alt=\"hero_large_2x\" width=\"1956\" height=\"724\" \/><\/p>\n<p class=\"h_txt\"><strong>Bordi stretti e profondit\u00e0 ridotta<\/strong><\/p>\n<p>La serie UH7F ha dimensioni e spessore della cornice inferiori, che consentono di risparmiare spazio e di semplificare l&#8217;installazione.\u00a0Inoltre, aumenta l&#8217;esperienza immersiva dallo schermo e fornisce un design sofisticato, migliorando l&#8217;arredamento dello spazio in cui \u00e8 installato il prodotto.<\/p>\n<p><img loading=\"lazy\" decoding=\"async\" class=\"alignnone wp-image-2993 size-full\" src=\"https:\/\/www.businessdisplay.it\/negozio\/wp-content\/uploads\/2020\/02\/1565676255336_58085.jpg\" alt=\"hero_large_2x\" width=\"1956\" height=\"724\" \/><\/p>\n<p class=\"h_txt\"><strong>Logo staccabile e altoparlante incorporato<\/strong><\/p>\n<p>La serie UH7F \u00e8 dotata di un nuovo logo trasparente che \u00e8 ben organizzato con l&#8217;ambiente circostante.\u00a0Inoltre, la sua funzione rimovibile offre agli utenti flessibilit\u00e0 per l&#8217;installazione.\u00a0I contenuti saranno arricchiti con effetti sonori dagli altoparlanti integrati, senza la necessit\u00e0 di acquistare o installare altoparlanti esterni.<\/p>\n<p><img loading=\"lazy\" decoding=\"async\" class=\"wp-image-2993 size-full alignnone\" src=\"https:\/\/www.businessdisplay.it\/negozio\/wp-content\/uploads\/2020\/02\/1565676292230_47648.jpg\" alt=\"hero_large_2x\" width=\"1956\" height=\"724\" \/><\/p>\n<p class=\"h_txt\"><strong>Design certificato IP5x<\/strong><\/p>\n<p>La certificazione antipolvere IP5x garantisce che il prodotto sia completamente protetto dalla polvere, eliminando il rischio di degrado delle prestazioni.<\/p>\n<p><img loading=\"lazy\" decoding=\"async\" class=\"alignnone wp-image-2993 size-full\" src=\"https:\/\/www.businessdisplay.it\/negozio\/wp-content\/uploads\/2020\/02\/1565676340308_22317-e1582725178557.jpg\" alt=\"hero_large_2x\" width=\"1956\" height=\"724\" \/><\/p>\n<p class=\"h_txt\"><strong>Installazione inclinabile di 30 \u00b0<\/strong><\/p>\n<p>Quando un display viene installato in luoghi elevati, di solito viene inclinato per la visione confortevole dell&#8217;utente.\u00a0In considerazione di ci\u00f2, la serie UH7F supporta l&#8217;installazione con inclinazione di 30 gradi *.<\/p>\n<p><img loading=\"lazy\" decoding=\"async\" class=\"alignnone wp-image-2993 size-full\" src=\"https:\/\/www.businessdisplay.it\/negozio\/wp-content\/uploads\/2020\/02\/1565676694376_33364.jpg\" alt=\"hero_large_2x\" width=\"1956\" height=\"724\" \/><\/p>\n<p class=\"h_txt\"><strong>Ad alte prestazioni con webOS<\/strong><\/p>\n<div class=\"column\">\n<p>Il SoC Quad Core integrato pu\u00f2 eseguire diverse attivit\u00e0 contemporaneamente fornendo una riproduzione fluida dei contenuti senza la necessit\u00e0 di un lettore multimediale.\u00a0Anche la piattaforma webOS di LG migliora la praticit\u00e0 dell&#8217;utente con una GUI intuitiva e semplici strumenti di sviluppo di app.<\/p>\n<\/div>\n","protected":false},"excerpt":{"rendered":"<p>Caratteristiche principali<\/p>\n<ul>\n<li>Luminosit\u00e0 : 700 cd\/m\u00b2<\/li>\n<li>Risoluzione : 3840 x 2160 pixels (4K Ultra HD)<\/li>\n<li>Utilizzo : 24\/7 (Ore\/Giorni)<\/li>\n<li>Gestione : Web OS 4.1<\/li>\n<li>Garanzia : 3 Anni On-Site<\/li>\n<\/ul>\n","protected":false},"featured_media":7368,"comment_status":"open","ping_status":"closed","template":"","meta":[],"product_cat":[243,242],"product_tag":[],"yoast_head":"<!-- This site is optimized with the Yoast SEO plugin v20.11 - https:\/\/yoast.com\/wordpress\/plugins\/seo\/ -->\n<title>Monitor Led 49 pollici LG 49UH7F - Digital Signage negozio online<\/title>\n<meta name=\"robots\" content=\"index, follow, max-snippet:-1, max-image-preview:large, max-video-preview:-1\" \/>\n<link rel=\"canonical\" href=\"https:\/\/www.businessdisplay.it\/negozio\/monitor\/monitor-led-49-pollici-lg-49uh7f\/\" \/>\n<meta property=\"og:locale\" content=\"it_IT\" \/>\n<meta property=\"og:type\" content=\"article\" \/>\n<meta property=\"og:title\" content=\"Monitor Led 49 pollici LG 49UH7F - Digital Signage negozio online\" \/>\n<meta property=\"og:description\" content=\"Caratteristiche principali   Luminosit\u00e0 : 700 cd\/m\u00b2  Risoluzione : 3840 x 2160 pixels (4K Ultra HD)  Utilizzo : 24\/7 (Ore\/Giorni)  Gestione : Web OS 4.1  Garanzia : 3 Anni On-Site\" \/>\n<meta property=\"og:url\" content=\"https:\/\/www.businessdisplay.it\/negozio\/monitor\/monitor-led-49-pollici-lg-49uh7f\/\" \/>\n<meta property=\"og:site_name\" content=\"Digital Signage negozio online\" \/>\n<meta property=\"article:modified_time\" content=\"2021-08-27T14:21:27+00:00\" \/>\n<meta property=\"og:image\" content=\"https:\/\/www.businessdisplay.it\/negozio\/wp-content\/uploads\/2020\/02\/LG_49UH7F-B_INT_1.jpg\" \/>\n\t<meta property=\"og:image:width\" content=\"1100\" \/>\n\t<meta property=\"og:image:height\" content=\"730\" \/>\n\t<meta property=\"og:image:type\" content=\"image\/jpeg\" \/>\n<meta name=\"twitter:card\" content=\"summary_large_image\" \/>\n<meta name=\"twitter:label1\" content=\"Tempo di lettura stimato\" \/>\n\t<meta name=\"twitter:data1\" content=\"1 minuto\" \/>\n<script type=\"application\/ld+json\" class=\"yoast-schema-graph\">{\"@context\":\"https:\/\/schema.org\",\"@graph\":[{\"@type\":\"WebPage\",\"@id\":\"https:\/\/www.businessdisplay.it\/negozio\/monitor\/monitor-led-49-pollici-lg-49uh7f\/\",\"url\":\"https:\/\/www.businessdisplay.it\/negozio\/monitor\/monitor-led-49-pollici-lg-49uh7f\/\",\"name\":\"Monitor Led 49 pollici LG 49UH7F - Digital Signage negozio online\",\"isPartOf\":{\"@id\":\"https:\/\/www.businessdisplay.it\/negozio\/#website\"},\"datePublished\":\"2020-02-26T10:30:05+00:00\",\"dateModified\":\"2021-08-27T14:21:27+00:00\",\"breadcrumb\":{\"@id\":\"https:\/\/www.businessdisplay.it\/negozio\/monitor\/monitor-led-49-pollici-lg-49uh7f\/#breadcrumb\"},\"inLanguage\":\"it-IT\",\"potentialAction\":[{\"@type\":\"ReadAction\",\"target\":[\"https:\/\/www.businessdisplay.it\/negozio\/monitor\/monitor-led-49-pollici-lg-49uh7f\/\"]}]},{\"@type\":\"BreadcrumbList\",\"@id\":\"https:\/\/www.businessdisplay.it\/negozio\/monitor\/monitor-led-49-pollici-lg-49uh7f\/#breadcrumb\",\"itemListElement\":[{\"@type\":\"ListItem\",\"position\":1,\"name\":\"Home\",\"item\":\"https:\/\/www.businessdisplay.it\/negozio\/\"},{\"@type\":\"ListItem\",\"position\":2,\"name\":\"Shop\",\"item\":\"https:\/\/www.businessdisplay.it\/negozio\/shop-2\/\"},{\"@type\":\"ListItem\",\"position\":3,\"name\":\"Monitor Led 49 pollici LG 49UH7F\"}]},{\"@type\":\"WebSite\",\"@id\":\"https:\/\/www.businessdisplay.it\/negozio\/#website\",\"url\":\"https:\/\/www.businessdisplay.it\/negozio\/\",\"name\":\"Digital Signage negozio online\",\"description\":\"Acquista online monitor da vetrina, totem multimediali, monitor da interno e videowall\",\"publisher\":{\"@id\":\"https:\/\/www.businessdisplay.it\/negozio\/#organization\"},\"potentialAction\":[{\"@type\":\"SearchAction\",\"target\":{\"@type\":\"EntryPoint\",\"urlTemplate\":\"https:\/\/www.businessdisplay.it\/negozio\/?s={search_term_string}\"},\"query-input\":\"required name=search_term_string\"}],\"inLanguage\":\"it-IT\"},{\"@type\":\"Organization\",\"@id\":\"https:\/\/www.businessdisplay.it\/negozio\/#organization\",\"name\":\"Business Display\",\"url\":\"https:\/\/www.businessdisplay.it\/negozio\/\",\"logo\":{\"@type\":\"ImageObject\",\"inLanguage\":\"it-IT\",\"@id\":\"https:\/\/www.businessdisplay.it\/negozio\/#\/schema\/logo\/image\/\",\"url\":\"https:\/\/www.businessdisplay.it\/negozio\/wp-content\/uploads\/2019\/12\/LogoBusiness_HI-RES.png\",\"contentUrl\":\"https:\/\/www.businessdisplay.it\/negozio\/wp-content\/uploads\/2019\/12\/LogoBusiness_HI-RES.png\",\"width\":3333,\"height\":850,\"caption\":\"Business Display\"},\"image\":{\"@id\":\"https:\/\/www.businessdisplay.it\/negozio\/#\/schema\/logo\/image\/\"}}]}<\/script>\n<!-- \/ Yoast SEO plugin. -->","yoast_head_json":{"title":"Monitor Led 49 pollici LG 49UH7F - Digital Signage negozio online","robots":{"index":"index","follow":"follow","max-snippet":"max-snippet:-1","max-image-preview":"max-image-preview:large","max-video-preview":"max-video-preview:-1"},"canonical":"https:\/\/www.businessdisplay.it\/negozio\/monitor\/monitor-led-49-pollici-lg-49uh7f\/","og_locale":"it_IT","og_type":"article","og_title":"Monitor Led 49 pollici LG 49UH7F - Digital Signage negozio online","og_description":"Caratteristiche principali   Luminosit\u00e0 : 700 cd\/m\u00b2  Risoluzione : 3840 x 2160 pixels (4K Ultra HD)  Utilizzo : 24\/7 (Ore\/Giorni)  Gestione : Web OS 4.1  Garanzia : 3 Anni On-Site","og_url":"https:\/\/www.businessdisplay.it\/negozio\/monitor\/monitor-led-49-pollici-lg-49uh7f\/","og_site_name":"Digital Signage negozio online","article_modified_time":"2021-08-27T14:21:27+00:00","og_image":[{"width":1100,"height":730,"url":"https:\/\/www.businessdisplay.it\/negozio\/wp-content\/uploads\/2020\/02\/LG_49UH7F-B_INT_1.jpg","type":"image\/jpeg"}],"twitter_card":"summary_large_image","twitter_misc":{"Tempo di lettura stimato":"1 minuto"},"schema":{"@context":"https:\/\/schema.org","@graph":[{"@type":"WebPage","@id":"https:\/\/www.businessdisplay.it\/negozio\/monitor\/monitor-led-49-pollici-lg-49uh7f\/","url":"https:\/\/www.businessdisplay.it\/negozio\/monitor\/monitor-led-49-pollici-lg-49uh7f\/","name":"Monitor Led 49 pollici LG 49UH7F - Digital Signage negozio online","isPartOf":{"@id":"https:\/\/www.businessdisplay.it\/negozio\/#website"},"datePublished":"2020-02-26T10:30:05+00:00","dateModified":"2021-08-27T14:21:27+00:00","breadcrumb":{"@id":"https:\/\/www.businessdisplay.it\/negozio\/monitor\/monitor-led-49-pollici-lg-49uh7f\/#breadcrumb"},"inLanguage":"it-IT","potentialAction":[{"@type":"ReadAction","target":["https:\/\/www.businessdisplay.it\/negozio\/monitor\/monitor-led-49-pollici-lg-49uh7f\/"]}]},{"@type":"BreadcrumbList","@id":"https:\/\/www.businessdisplay.it\/negozio\/monitor\/monitor-led-49-pollici-lg-49uh7f\/#breadcrumb","itemListElement":[{"@type":"ListItem","position":1,"name":"Home","item":"https:\/\/www.businessdisplay.it\/negozio\/"},{"@type":"ListItem","position":2,"name":"Shop","item":"https:\/\/www.businessdisplay.it\/negozio\/shop-2\/"},{"@type":"ListItem","position":3,"name":"Monitor Led 49 pollici LG 49UH7F"}]},{"@type":"WebSite","@id":"https:\/\/www.businessdisplay.it\/negozio\/#website","url":"https:\/\/www.businessdisplay.it\/negozio\/","name":"Digital Signage negozio online","description":"Acquista online monitor da vetrina, totem multimediali, monitor da interno e videowall","publisher":{"@id":"https:\/\/www.businessdisplay.it\/negozio\/#organization"},"potentialAction":[{"@type":"SearchAction","target":{"@type":"EntryPoint","urlTemplate":"https:\/\/www.businessdisplay.it\/negozio\/?s={search_term_string}"},"query-input":"required name=search_term_string"}],"inLanguage":"it-IT"},{"@type":"Organization","@id":"https:\/\/www.businessdisplay.it\/negozio\/#organization","name":"Business Display","url":"https:\/\/www.businessdisplay.it\/negozio\/","logo":{"@type":"ImageObject","inLanguage":"it-IT","@id":"https:\/\/www.businessdisplay.it\/negozio\/#\/schema\/logo\/image\/","url":"https:\/\/www.businessdisplay.it\/negozio\/wp-content\/uploads\/2019\/12\/LogoBusiness_HI-RES.png","contentUrl":"https:\/\/www.businessdisplay.it\/negozio\/wp-content\/uploads\/2019\/12\/LogoBusiness_HI-RES.png","width":3333,"height":850,"caption":"Business Display"},"image":{"@id":"https:\/\/www.businessdisplay.it\/negozio\/#\/schema\/logo\/image\/"}}]}},"_links":{"self":[{"href":"https:\/\/www.businessdisplay.it\/negozio\/wp-json\/wp\/v2\/product\/7356"}],"collection":[{"href":"https:\/\/www.businessdisplay.it\/negozio\/wp-json\/wp\/v2\/product"}],"about":[{"href":"https:\/\/www.businessdisplay.it\/negozio\/wp-json\/wp\/v2\/types\/product"}],"replies":[{"embeddable":true,"href":"https:\/\/www.businessdisplay.it\/negozio\/wp-json\/wp\/v2\/comments?post=7356"}],"wp:featuredmedia":[{"embeddable":true,"href":"https:\/\/www.businessdisplay.it\/negozio\/wp-json\/wp\/v2\/media\/7368"}],"wp:attachment":[{"href":"https:\/\/www.businessdisplay.it\/negozio\/wp-json\/wp\/v2\/media?parent=7356"}],"wp:term":[{"taxonomy":"product_cat","embeddable":true,"href":"https:\/\/www.businessdisplay.it\/negozio\/wp-json\/wp\/v2\/product_cat?post=7356"},{"taxonomy":"product_tag","embeddable":true,"href":"https:\/\/www.businessdisplay.it\/negozio\/wp-json\/wp\/v2\/product_tag?post=7356"}],"curies":[{"name":"wp","href":"https:\/\/api.w.org\/{rel}","templated":true}]}}